{"id":11379,"date":"2023-03-07T17:21:37","date_gmt":"2023-03-07T17:21:37","guid":{"rendered":"https:\/\/www.bagelcorner.fr\/?page_id=11379"},"modified":"2023-03-27T09:16:31","modified_gmt":"2023-03-27T09:16:31","slug":"nos-bagels","status":"publish","type":"page","link":"https:\/\/www.bagelcorner.fr\/en\/la-carte\/nos-bagels\/","title":{"rendered":"Bagels"},"content":{"rendered":"<div data-elementor-type=\"wp-page\" data-elementor-id=\"11379\" class=\"elementor elementor-11379\" data-elementor-settings=\"{&quot;ha_cmc_init_switcher&quot;:&quot;no&quot;}\" data-elementor-post-type=\"page\">\n\t\t\t\t\t\t<section class=\"elementor-section elementor-top-section elementor-element elementor-element-7db0f01 elementor-section-boxed elementor-section-height-default elementor-section-height-default\" data-id=\"7db0f01\" data-element_type=\"section\" data-e-type=\"section\" id=\"SectionPlat\" data-settings=\"{&quot;_ha_eqh_enable&quot;:false}\">\n\t\t\t\t\t\t<div class=\"elementor-container elementor-column-gap-default\">\n\t\t\t\t\t<div class=\"elementor-column elementor-col-100 elementor-top-column elementor-element elementor-element-7976814\" data-id=\"7976814\" data-element_type=\"column\" data-e-type=\"column\">\n\t\t\t<div class=\"elementor-widget-wrap elementor-element-populated\">\n\t\t\t\t\t\t<div class=\"elementor-element elementor-element-043a1a8 elementor-widget elementor-widget-template\" data-id=\"043a1a8\" data-element_type=\"widget\" data-e-type=\"widget\" data-widget_type=\"template.default\">\n\t\t\t\t<div class=\"elementor-widget-container\">\n\t\t\t\t\t\t\t<div class=\"elementor-template\">\n\t\t\t\t\t<div data-elementor-type=\"section\" data-elementor-id=\"11383\" class=\"elementor elementor-11383\" data-elementor-settings=\"{&quot;ha_cmc_init_switcher&quot;:&quot;no&quot;}\" data-elementor-post-type=\"elementor_library\">\n\t\t\t\t\t<section class=\"elementor-section elementor-inner-section elementor-element elementor-element-2a063f4 elementor-section-boxed elementor-section-height-default elementor-section-height-default\" data-id=\"2a063f4\" data-element_type=\"section\" data-e-type=\"section\" data-settings=\"{&quot;background_background&quot;:&quot;classic&quot;,&quot;sticky&quot;:&quot;top&quot;,&quot;sticky_offset&quot;:141,&quot;sticky_offset_tablet&quot;:210,&quot;sticky_offset_mobile&quot;:71,&quot;sticky_effects_offset&quot;:141,&quot;sticky_effects_offset_tablet&quot;:210,&quot;sticky_effects_offset_mobile&quot;:71,&quot;_ha_eqh_enable&quot;:false,&quot;sticky_on&quot;:[&quot;desktop&quot;,&quot;tablet&quot;,&quot;mobile&quot;],&quot;sticky_anchor_link_offset&quot;:0}\">\n\t\t\t\t\t\t<div class=\"elementor-container elementor-column-gap-default\">\n\t\t\t\t\t<div class=\"elementor-column elementor-col-20 elementor-inner-column elementor-element elementor-element-4ad74ed4\" data-id=\"4ad74ed4\" data-element_type=\"column\" data-e-type=\"column\">\n\t\t\t<div class=\"elementor-widget-wrap elementor-element-populated\">\n\t\t\t\t\t\t<div class=\"elementor-element elementor-element-36845254 elementor-align-center elementor-widget elementor-widget-button\" data-id=\"36845254\" data-element_type=\"widget\" data-e-type=\"widget\" data-widget_type=\"button.default\">\n\t\t\t\t<div class=\"elementor-widget-container\">\n\t\t\t\t\t\t\t\t\t<div class=\"elementor-button-wrapper\">\n\t\t\t\t\t<a class=\"elementor-button elementor-button-link elementor-size-sm elementor-animation-pulse-grow\" href=\"https:\/\/www.bagelcorner.fr\/en\/la-carte\/nos-bagels\/\">\n\t\t\t\t\t\t<span class=\"elementor-button-content-wrapper\">\n\t\t\t\t\t\t\t\t\t<span class=\"elementor-button-text\">Bagels<\/span>\n\t\t\t\t\t<\/span>\n\t\t\t\t\t<\/a>\n\t\t\t\t<\/div>\n\t\t\t\t\t\t\t\t<\/div>\n\t\t\t\t<\/div>\n\t\t\t\t\t<\/div>\n\t\t<\/div>\n\t\t\t\t<div class=\"elementor-column elementor-col-20 elementor-inner-column elementor-element elementor-element-3f4b46bb\" data-id=\"3f4b46bb\" data-element_type=\"column\" data-e-type=\"column\">\n\t\t\t<div class=\"elementor-widget-wrap elementor-element-populated\">\n\t\t\t\t\t\t<div class=\"elementor-element elementor-element-7f87f31e elementor-align-center elementor-widget elementor-widget-button\" data-id=\"7f87f31e\" data-element_type=\"widget\" data-e-type=\"widget\" data-widget_type=\"button.default\">\n\t\t\t\t<div class=\"elementor-widget-container\">\n\t\t\t\t\t\t\t\t\t<div class=\"elementor-button-wrapper\">\n\t\t\t\t\t<a class=\"elementor-button elementor-button-link elementor-size-sm elementor-animation-pulse-grow\" href=\"https:\/\/www.bagelcorner.fr\/en\/la-carte\/nos-salades\/\">\n\t\t\t\t\t\t<span class=\"elementor-button-content-wrapper\">\n\t\t\t\t\t\t\t\t\t<span class=\"elementor-button-text\">Salads<\/span>\n\t\t\t\t\t<\/span>\n\t\t\t\t\t<\/a>\n\t\t\t\t<\/div>\n\t\t\t\t\t\t\t\t<\/div>\n\t\t\t\t<\/div>\n\t\t\t\t\t<\/div>\n\t\t<\/div>\n\t\t\t\t<div class=\"elementor-column elementor-col-20 elementor-inner-column elementor-element elementor-element-2efda698\" data-id=\"2efda698\" data-element_type=\"column\" data-e-type=\"column\">\n\t\t\t<div class=\"elementor-widget-wrap elementor-element-populated\">\n\t\t\t\t\t\t<div class=\"elementor-element elementor-element-e9fa2df elementor-align-center elementor-widget elementor-widget-button\" data-id=\"e9fa2df\" data-element_type=\"widget\" data-e-type=\"widget\" data-widget_type=\"button.default\">\n\t\t\t\t<div class=\"elementor-widget-container\">\n\t\t\t\t\t\t\t\t\t<div class=\"elementor-button-wrapper\">\n\t\t\t\t\t<a class=\"elementor-button elementor-button-link elementor-size-sm elementor-animation-pulse-grow\" href=\"https:\/\/www.bagelcorner.fr\/en\/la-carte\/nos-sides\/\">\n\t\t\t\t\t\t<span class=\"elementor-button-content-wrapper\">\n\t\t\t\t\t\t\t\t\t<span class=\"elementor-button-text\">sides<\/span>\n\t\t\t\t\t<\/span>\n\t\t\t\t\t<\/a>\n\t\t\t\t<\/div>\n\t\t\t\t\t\t\t\t<\/div>\n\t\t\t\t<\/div>\n\t\t\t\t\t<\/div>\n\t\t<\/div>\n\t\t\t\t<div class=\"elementor-column elementor-col-20 elementor-inner-column elementor-element elementor-element-6bfe66a9\" data-id=\"6bfe66a9\" data-element_type=\"column\" data-e-type=\"column\">\n\t\t\t<div class=\"elementor-widget-wrap elementor-element-populated\">\n\t\t\t\t\t\t<div class=\"elementor-element elementor-element-65324725 elementor-align-center elementor-widget elementor-widget-button\" data-id=\"65324725\" data-element_type=\"widget\" data-e-type=\"widget\" data-widget_type=\"button.default\">\n\t\t\t\t<div class=\"elementor-widget-container\">\n\t\t\t\t\t\t\t\t\t<div class=\"elementor-button-wrapper\">\n\t\t\t\t\t<a class=\"elementor-button elementor-button-link elementor-size-sm elementor-animation-pulse-grow\" href=\"https:\/\/www.bagelcorner.fr\/en\/la-carte\/nos-boissons\/\">\n\t\t\t\t\t\t<span class=\"elementor-button-content-wrapper\">\n\t\t\t\t\t\t\t\t\t<span class=\"elementor-button-text\">drinks<\/span>\n\t\t\t\t\t<\/span>\n\t\t\t\t\t<\/a>\n\t\t\t\t<\/div>\n\t\t\t\t\t\t\t\t<\/div>\n\t\t\t\t<\/div>\n\t\t\t\t\t<\/div>\n\t\t<\/div>\n\t\t\t\t<div class=\"elementor-column elementor-col-20 elementor-inner-column elementor-element elementor-element-56b62c64\" data-id=\"56b62c64\" data-element_type=\"column\" data-e-type=\"column\">\n\t\t\t<div class=\"elementor-widget-wrap elementor-element-populated\">\n\t\t\t\t\t\t<div class=\"elementor-element elementor-element-578aae29 elementor-align-center elementor-widget elementor-widget-button\" data-id=\"578aae29\" data-element_type=\"widget\" data-e-type=\"widget\" data-widget_type=\"button.default\">\n\t\t\t\t<div class=\"elementor-widget-container\">\n\t\t\t\t\t\t\t\t\t<div class=\"elementor-button-wrapper\">\n\t\t\t\t\t<a class=\"elementor-button elementor-button-link elementor-size-sm elementor-animation-pulse-grow\" href=\"https:\/\/www.bagelcorner.fr\/en\/la-carte\/nos-desserts\/\">\n\t\t\t\t\t\t<span class=\"elementor-button-content-wrapper\">\n\t\t\t\t\t\t\t\t\t<span class=\"elementor-button-text\">desserts<\/span>\n\t\t\t\t\t<\/span>\n\t\t\t\t\t<\/a>\n\t\t\t\t<\/div>\n\t\t\t\t\t\t\t\t<\/div>\n\t\t\t\t<\/div>\n\t\t\t\t\t<\/div>\n\t\t<\/div>\n\t\t\t\t\t<\/div>\n\t\t<\/section>\n\t\t\t\t<\/div>\n\t\t\t\t<\/div>\n\t\t\t\t\t\t<\/div>\n\t\t\t\t<\/div>\n\t\t\t\t<div class=\"elementor-element elementor-element-a3f4a14 elementor-widget elementor-widget-heading\" data-id=\"a3f4a14\" data-element_type=\"widget\" data-e-type=\"widget\" id=\"titreplats\" data-widget_type=\"heading.default\">\n\t\t\t\t<div class=\"elementor-widget-container\">\n\t\t\t\t\t<h1 class=\"elementor-heading-title elementor-size-default\">Bagels<\/h1>\t\t\t\t<\/div>\n\t\t\t\t<\/div>\n\t\t\t\t<section class=\"elementor-section elementor-inner-section elementor-element elementor-element-00cc420 elementor-section-boxed elementor-section-height-default elementor-section-height-default\" data-id=\"00cc420\" data-element_type=\"section\" data-e-type=\"section\" data-settings=\"{&quot;_ha_eqh_enable&quot;:false}\">\n\t\t\t\t\t\t<div class=\"elementor-container elementor-column-gap-default\">\n\t\t\t\t\t<div class=\"elementor-column elementor-col-50 elementor-inner-column elementor-element elementor-element-973edc4\" data-id=\"973edc4\" data-element_type=\"column\" data-e-type=\"column\">\n\t\t\t<div class=\"elementor-widget-wrap elementor-element-populated\">\n\t\t\t\t\t\t<div class=\"elementor-element elementor-element-bb621de elementor-widget elementor-widget-image\" data-id=\"bb621de\" data-element_type=\"widget\" data-e-type=\"widget\" data-widget_type=\"image.default\">\n\t\t\t\t<div class=\"elementor-widget-container\">\n\t\t\t\t\t\t\t\t\t\t\t\t\t\t\t\t<a href=\"https:\/\/www.bagelcorner.fr\/en\/la-carte\/nos-bagels\/a-la-carte\/\">\n\t\t\t\t\t\t\t<img fetchpriority=\"high\" decoding=\"async\" width=\"800\" height=\"511\" src=\"https:\/\/www.bagelcorner.fr\/wp-content\/uploads\/2023\/03\/vignettes_categ_categ-1024x654.jpg\" class=\"elementor-animation-bob attachment-large size-large wp-image-13049\" alt=\"\" srcset=\"https:\/\/www.bagelcorner.fr\/wp-content\/uploads\/2023\/03\/vignettes_categ_categ-1024x654.jpg 1024w, https:\/\/www.bagelcorner.fr\/wp-content\/uploads\/2023\/03\/vignettes_categ_categ-300x192.jpg 300w, https:\/\/www.bagelcorner.fr\/wp-content\/uploads\/2023\/03\/vignettes_categ_categ-768x491.jpg 768w, https:\/\/www.bagelcorner.fr\/wp-content\/uploads\/2023\/03\/vignettes_categ_categ-1536x981.jpg 1536w, https:\/\/www.bagelcorner.fr\/wp-content\/uploads\/2023\/03\/vignettes_categ_categ.jpg 1570w\" sizes=\"(max-width: 800px) 100vw, 800px\" \/>\t\t\t\t\t\t\t\t<\/a>\n\t\t\t\t\t\t\t\t\t\t\t\t\t\t\t<\/div>\n\t\t\t\t<\/div>\n\t\t\t\t\t<\/div>\n\t\t<\/div>\n\t\t\t\t<div class=\"elementor-column elementor-col-50 elementor-inner-column elementor-element elementor-element-6cb0b58\" data-id=\"6cb0b58\" data-element_type=\"column\" data-e-type=\"column\">\n\t\t\t<div class=\"elementor-widget-wrap elementor-element-populated\">\n\t\t\t\t\t\t<div class=\"elementor-element elementor-element-20f5e33 elementor-widget elementor-widget-image\" data-id=\"20f5e33\" data-element_type=\"widget\" data-e-type=\"widget\" data-widget_type=\"image.default\">\n\t\t\t\t<div class=\"elementor-widget-container\">\n\t\t\t\t\t\t\t\t\t\t\t\t\t\t\t\t<a href=\"https:\/\/www.bagelcorner.fr\/en\/la-carte\/nos-bagels\/signature\/\">\n\t\t\t\t\t\t\t<img decoding=\"async\" width=\"800\" height=\"511\" src=\"https:\/\/www.bagelcorner.fr\/wp-content\/uploads\/2023\/03\/bagel_signature_fastrami-1024x654.jpg\" class=\"elementor-animation-bob attachment-large size-large wp-image-13622\" alt=\"\" srcset=\"https:\/\/www.bagelcorner.fr\/wp-content\/uploads\/2023\/03\/bagel_signature_fastrami-1024x654.jpg 1024w, https:\/\/www.bagelcorner.fr\/wp-content\/uploads\/2023\/03\/bagel_signature_fastrami-300x192.jpg 300w, https:\/\/www.bagelcorner.fr\/wp-content\/uploads\/2023\/03\/bagel_signature_fastrami-768x491.jpg 768w, https:\/\/www.bagelcorner.fr\/wp-content\/uploads\/2023\/03\/bagel_signature_fastrami-1536x981.jpg 1536w, https:\/\/www.bagelcorner.fr\/wp-content\/uploads\/2023\/03\/bagel_signature_fastrami-18x12.jpg 18w, https:\/\/www.bagelcorner.fr\/wp-content\/uploads\/2023\/03\/bagel_signature_fastrami.jpg 1570w\" sizes=\"(max-width: 800px) 100vw, 800px\" \/>\t\t\t\t\t\t\t\t<\/a>\n\t\t\t\t\t\t\t\t\t\t\t\t\t\t\t<\/div>\n\t\t\t\t<\/div>\n\t\t\t\t\t<\/div>\n\t\t<\/div>\n\t\t\t\t\t<\/div>\n\t\t<\/section>\n\t\t\t\t\t<\/div>\n\t\t<\/div>\n\t\t\t\t\t<\/div>\n\t\t<\/section>\n\t\t\t\t<\/div>","protected":false},"excerpt":{"rendered":"","protected":false},"author":1,"featured_media":0,"parent":6632,"menu_order":0,"comment_status":"closed","ping_status":"closed","template":"","meta":{"footnotes":""},"class_list":["post-11379","page","type-page","status-publish","hentry"],"yoast_head":"<!-- This site is optimized with the Yoast SEO plugin v27.4 - https:\/\/yoast.com\/product\/yoast-seo-wordpress\/ -->\n<title>D\u00e9couvrir la carte - Bagel Corner | Bagels - Donuts - Caf\u00e9<\/title>\n<meta name=\"description\" content=\"Bagels &amp; Salades : D\u00e9couvrez une cuisine savoureuse r\u00e9alis\u00e9e sous vos yeux. Fraicheur garantie !\" \/>\n<meta name=\"robots\" content=\"index, follow, max-snippet:-1, max-image-preview:large, max-video-preview:-1\" \/>\n<link rel=\"canonical\" href=\"https:\/\/www.bagelcorner.fr\/en\/la-carte\/nos-bagels\/\" \/>\n<meta property=\"og:locale\" content=\"en_GB\" \/>\n<meta property=\"og:type\" content=\"article\" \/>\n<meta property=\"og:title\" content=\"D\u00e9couvrir la carte - Bagel Corner | Bagels - Donuts - Caf\u00e9\" \/>\n<meta property=\"og:description\" content=\"Bagels &amp; Salades : D\u00e9couvrez une cuisine savoureuse r\u00e9alis\u00e9e sous vos yeux. Fraicheur garantie !\" \/>\n<meta property=\"og:url\" content=\"https:\/\/www.bagelcorner.fr\/en\/la-carte\/nos-bagels\/\" \/>\n<meta property=\"og:site_name\" content=\"Bagel Corner | Bagels - Donuts - Caf\u00e9\" \/>\n<meta property=\"article:modified_time\" content=\"2023-03-27T09:16:31+00:00\" \/>\n<meta property=\"og:image\" content=\"https:\/\/www.bagelcorner.fr\/wp-content\/uploads\/2023\/03\/vignettes_categ_categ-1024x654.jpg\" \/>\n<meta name=\"twitter:card\" content=\"summary_large_image\" \/>\n<meta name=\"twitter:label1\" content=\"Estimated reading time\" \/>\n\t<meta name=\"twitter:data1\" content=\"3 minutes\" \/>\n<script type=\"application\/ld+json\" class=\"yoast-schema-graph\">{\"@context\":\"https:\\\/\\\/schema.org\",\"@graph\":[{\"@type\":\"WebPage\",\"@id\":\"https:\\\/\\\/www.bagelcorner.fr\\\/la-carte\\\/nos-bagels\\\/\",\"url\":\"https:\\\/\\\/www.bagelcorner.fr\\\/la-carte\\\/nos-bagels\\\/\",\"name\":\"D\u00e9couvrir la carte - Bagel Corner | Bagels - Donuts - Caf\u00e9\",\"isPartOf\":{\"@id\":\"https:\\\/\\\/www.bagelcorner.fr\\\/#website\"},\"primaryImageOfPage\":{\"@id\":\"https:\\\/\\\/www.bagelcorner.fr\\\/la-carte\\\/nos-bagels\\\/#primaryimage\"},\"image\":{\"@id\":\"https:\\\/\\\/www.bagelcorner.fr\\\/la-carte\\\/nos-bagels\\\/#primaryimage\"},\"thumbnailUrl\":\"https:\\\/\\\/www.bagelcorner.fr\\\/wp-content\\\/uploads\\\/2023\\\/03\\\/vignettes_categ_categ-1024x654.jpg\",\"datePublished\":\"2023-03-07T17:21:37+00:00\",\"dateModified\":\"2023-03-27T09:16:31+00:00\",\"description\":\"Bagels & Salades : D\u00e9couvrez une cuisine savoureuse r\u00e9alis\u00e9e sous vos yeux. Fraicheur garantie !\",\"breadcrumb\":{\"@id\":\"https:\\\/\\\/www.bagelcorner.fr\\\/la-carte\\\/nos-bagels\\\/#breadcrumb\"},\"inLanguage\":\"en-GB\",\"potentialAction\":[{\"@type\":\"ReadAction\",\"target\":[\"https:\\\/\\\/www.bagelcorner.fr\\\/la-carte\\\/nos-bagels\\\/\"]}]},{\"@type\":\"ImageObject\",\"inLanguage\":\"en-GB\",\"@id\":\"https:\\\/\\\/www.bagelcorner.fr\\\/la-carte\\\/nos-bagels\\\/#primaryimage\",\"url\":\"https:\\\/\\\/www.bagelcorner.fr\\\/wp-content\\\/uploads\\\/2023\\\/03\\\/vignettes_categ_categ-1024x654.jpg\",\"contentUrl\":\"https:\\\/\\\/www.bagelcorner.fr\\\/wp-content\\\/uploads\\\/2023\\\/03\\\/vignettes_categ_categ-1024x654.jpg\"},{\"@type\":\"BreadcrumbList\",\"@id\":\"https:\\\/\\\/www.bagelcorner.fr\\\/la-carte\\\/nos-bagels\\\/#breadcrumb\",\"itemListElement\":[{\"@type\":\"ListItem\",\"position\":1,\"name\":\"Accueil\",\"item\":\"https:\\\/\\\/www.bagelcorner.fr\\\/\"},{\"@type\":\"ListItem\",\"position\":2,\"name\":\"La carte\",\"item\":\"https:\\\/\\\/www.bagelcorner.fr\\\/la-carte\\\/\"},{\"@type\":\"ListItem\",\"position\":3,\"name\":\"Bagels\"}]},{\"@type\":\"WebSite\",\"@id\":\"https:\\\/\\\/www.bagelcorner.fr\\\/#website\",\"url\":\"https:\\\/\\\/www.bagelcorner.fr\\\/\",\"name\":\"Bagel Corner | Bagels - Donuts - Caf\u00e9\",\"description\":\"Nous avons la passion du bagel \u2013 pas (encore) vous ?\",\"publisher\":{\"@id\":\"https:\\\/\\\/www.bagelcorner.fr\\\/#organization\"},\"potentialAction\":[{\"@type\":\"SearchAction\",\"target\":{\"@type\":\"EntryPoint\",\"urlTemplate\":\"https:\\\/\\\/www.bagelcorner.fr\\\/?s={search_term_string}\"},\"query-input\":{\"@type\":\"PropertyValueSpecification\",\"valueRequired\":true,\"valueName\":\"search_term_string\"}}],\"inLanguage\":\"en-GB\"},{\"@type\":\"Organization\",\"@id\":\"https:\\\/\\\/www.bagelcorner.fr\\\/#organization\",\"name\":\"Bagel Corner | Bagels - Donuts - Caf\u00e9\",\"url\":\"https:\\\/\\\/www.bagelcorner.fr\\\/\",\"logo\":{\"@type\":\"ImageObject\",\"inLanguage\":\"en-GB\",\"@id\":\"https:\\\/\\\/www.bagelcorner.fr\\\/#\\\/schema\\\/logo\\\/image\\\/\",\"url\":\"https:\\\/\\\/www.bagelcorner.fr\\\/wp-content\\\/uploads\\\/2023\\\/03\\\/cropped-cropped-LOGO-PASTILLE.png\",\"contentUrl\":\"https:\\\/\\\/www.bagelcorner.fr\\\/wp-content\\\/uploads\\\/2023\\\/03\\\/cropped-cropped-LOGO-PASTILLE.png\",\"width\":511,\"height\":511,\"caption\":\"Bagel Corner | Bagels - Donuts - Caf\u00e9\"},\"image\":{\"@id\":\"https:\\\/\\\/www.bagelcorner.fr\\\/#\\\/schema\\\/logo\\\/image\\\/\"}}]}<\/script>\n<!-- \/ Yoast SEO plugin. -->","yoast_head_json":{"title":"Discover the map - Bagel Corner | Bagels - Donuts - Coffee","description":"Bagels &amp; Salads: Discover a tasty cuisine made right before your eyes. Freshness guaranteed!","robots":{"index":"index","follow":"follow","max-snippet":"max-snippet:-1","max-image-preview":"max-image-preview:large","max-video-preview":"max-video-preview:-1"},"canonical":"https:\/\/www.bagelcorner.fr\/en\/la-carte\/nos-bagels\/","og_locale":"en_GB","og_type":"article","og_title":"D\u00e9couvrir la carte - Bagel Corner | Bagels - Donuts - Caf\u00e9","og_description":"Bagels & Salades : D\u00e9couvrez une cuisine savoureuse r\u00e9alis\u00e9e sous vos yeux. Fraicheur garantie !","og_url":"https:\/\/www.bagelcorner.fr\/en\/la-carte\/nos-bagels\/","og_site_name":"Bagel Corner | Bagels - Donuts - Caf\u00e9","article_modified_time":"2023-03-27T09:16:31+00:00","og_image":[{"url":"https:\/\/www.bagelcorner.fr\/wp-content\/uploads\/2023\/03\/vignettes_categ_categ-1024x654.jpg","type":"","width":"","height":""}],"twitter_card":"summary_large_image","twitter_misc":{"Estimated reading time":"3 minutes"},"schema":{"@context":"https:\/\/schema.org","@graph":[{"@type":"WebPage","@id":"https:\/\/www.bagelcorner.fr\/la-carte\/nos-bagels\/","url":"https:\/\/www.bagelcorner.fr\/la-carte\/nos-bagels\/","name":"Discover the map - Bagel Corner | Bagels - Donuts - Coffee","isPartOf":{"@id":"https:\/\/www.bagelcorner.fr\/#website"},"primaryImageOfPage":{"@id":"https:\/\/www.bagelcorner.fr\/la-carte\/nos-bagels\/#primaryimage"},"image":{"@id":"https:\/\/www.bagelcorner.fr\/la-carte\/nos-bagels\/#primaryimage"},"thumbnailUrl":"https:\/\/www.bagelcorner.fr\/wp-content\/uploads\/2023\/03\/vignettes_categ_categ-1024x654.jpg","datePublished":"2023-03-07T17:21:37+00:00","dateModified":"2023-03-27T09:16:31+00:00","description":"Bagels &amp; Salads: Discover a tasty cuisine made right before your eyes. Freshness guaranteed!","breadcrumb":{"@id":"https:\/\/www.bagelcorner.fr\/la-carte\/nos-bagels\/#breadcrumb"},"inLanguage":"en-GB","potentialAction":[{"@type":"ReadAction","target":["https:\/\/www.bagelcorner.fr\/la-carte\/nos-bagels\/"]}]},{"@type":"ImageObject","inLanguage":"en-GB","@id":"https:\/\/www.bagelcorner.fr\/la-carte\/nos-bagels\/#primaryimage","url":"https:\/\/www.bagelcorner.fr\/wp-content\/uploads\/2023\/03\/vignettes_categ_categ-1024x654.jpg","contentUrl":"https:\/\/www.bagelcorner.fr\/wp-content\/uploads\/2023\/03\/vignettes_categ_categ-1024x654.jpg"},{"@type":"BreadcrumbList","@id":"https:\/\/www.bagelcorner.fr\/la-carte\/nos-bagels\/#breadcrumb","itemListElement":[{"@type":"ListItem","position":1,"name":"Accueil","item":"https:\/\/www.bagelcorner.fr\/"},{"@type":"ListItem","position":2,"name":"La carte","item":"https:\/\/www.bagelcorner.fr\/la-carte\/"},{"@type":"ListItem","position":3,"name":"Bagels"}]},{"@type":"WebSite","@id":"https:\/\/www.bagelcorner.fr\/#website","url":"https:\/\/www.bagelcorner.fr\/","name":"Bagel Corner | Bagels - Donuts - Coffee","description":"We have a passion for bagels - don't you (yet)?","publisher":{"@id":"https:\/\/www.bagelcorner.fr\/#organization"},"potentialAction":[{"@type":"SearchAction","target":{"@type":"EntryPoint","urlTemplate":"https:\/\/www.bagelcorner.fr\/?s={search_term_string}"},"query-input":{"@type":"PropertyValueSpecification","valueRequired":true,"valueName":"search_term_string"}}],"inLanguage":"en-GB"},{"@type":"Organization","@id":"https:\/\/www.bagelcorner.fr\/#organization","name":"Bagel Corner | Bagels - Donuts - Coffee","url":"https:\/\/www.bagelcorner.fr\/","logo":{"@type":"ImageObject","inLanguage":"en-GB","@id":"https:\/\/www.bagelcorner.fr\/#\/schema\/logo\/image\/","url":"https:\/\/www.bagelcorner.fr\/wp-content\/uploads\/2023\/03\/cropped-cropped-LOGO-PASTILLE.png","contentUrl":"https:\/\/www.bagelcorner.fr\/wp-content\/uploads\/2023\/03\/cropped-cropped-LOGO-PASTILLE.png","width":511,"height":511,"caption":"Bagel Corner | Bagels - Donuts - Caf\u00e9"},"image":{"@id":"https:\/\/www.bagelcorner.fr\/#\/schema\/logo\/image\/"}}]}},"_links":{"self":[{"href":"https:\/\/www.bagelcorner.fr\/en\/wp-json\/wp\/v2\/pages\/11379","targetHints":{"allow":["GET"]}}],"collection":[{"href":"https:\/\/www.bagelcorner.fr\/en\/wp-json\/wp\/v2\/pages"}],"about":[{"href":"https:\/\/www.bagelcorner.fr\/en\/wp-json\/wp\/v2\/types\/page"}],"author":[{"embeddable":true,"href":"https:\/\/www.bagelcorner.fr\/en\/wp-json\/wp\/v2\/users\/1"}],"replies":[{"embeddable":true,"href":"https:\/\/www.bagelcorner.fr\/en\/wp-json\/wp\/v2\/comments?post=11379"}],"version-history":[{"count":0,"href":"https:\/\/www.bagelcorner.fr\/en\/wp-json\/wp\/v2\/pages\/11379\/revisions"}],"up":[{"embeddable":true,"href":"https:\/\/www.bagelcorner.fr\/en\/wp-json\/wp\/v2\/pages\/6632"}],"wp:attachment":[{"href":"https:\/\/www.bagelcorner.fr\/en\/wp-json\/wp\/v2\/media?parent=11379"}],"curies":[{"name":"wp","href":"https:\/\/api.w.org\/{rel}","templated":true}]}}