{"id":11491,"date":"2023-03-08T08:27:39","date_gmt":"2023-03-08T08:27:39","guid":{"rendered":"https:\/\/www.bagelcorner.fr\/?page_id=11491"},"modified":"2023-03-14T15:35:22","modified_gmt":"2023-03-14T15:35:22","slug":"nos-sides","status":"publish","type":"page","link":"https:\/\/www.bagelcorner.fr\/en\/la-carte\/nos-sides\/","title":{"rendered":"Sides"},"content":{"rendered":"<div data-elementor-type=\"wp-page\" data-elementor-id=\"11491\" class=\"elementor elementor-11491\" data-elementor-settings=\"{&quot;ha_cmc_init_switcher&quot;:&quot;no&quot;}\" data-elementor-post-type=\"page\">\n\t\t\t\t\t\t<section class=\"elementor-section elementor-top-section elementor-element elementor-element-7db0f01 elementor-section-boxed elementor-section-height-default elementor-section-height-default\" data-id=\"7db0f01\" data-element_type=\"section\" data-e-type=\"section\" id=\"SectionPlat\" data-settings=\"{&quot;_ha_eqh_enable&quot;:false}\">\n\t\t\t\t\t\t<div class=\"elementor-container elementor-column-gap-default\">\n\t\t\t\t\t<div class=\"elementor-column elementor-col-100 elementor-top-column elementor-element elementor-element-7976814\" data-id=\"7976814\" data-element_type=\"column\" data-e-type=\"column\">\n\t\t\t<div class=\"elementor-widget-wrap elementor-element-populated\">\n\t\t\t\t\t\t<div class=\"elementor-element elementor-element-f827e07 elementor-widget elementor-widget-template\" data-id=\"f827e07\" data-element_type=\"widget\" data-e-type=\"widget\" data-widget_type=\"template.default\">\n\t\t\t\t<div class=\"elementor-widget-container\">\n\t\t\t\t\t\t\t<div class=\"elementor-template\">\n\t\t\t\t\t<div data-elementor-type=\"section\" data-elementor-id=\"11516\" class=\"elementor elementor-11516\" data-elementor-settings=\"{&quot;ha_cmc_init_switcher&quot;:&quot;no&quot;}\" data-elementor-post-type=\"elementor_library\">\n\t\t\t\t\t<section class=\"elementor-section elementor-inner-section elementor-element elementor-element-789b5c72 elementor-section-boxed elementor-section-height-default elementor-section-height-default\" data-id=\"789b5c72\" data-element_type=\"section\" data-e-type=\"section\" data-settings=\"{&quot;background_background&quot;:&quot;classic&quot;,&quot;sticky&quot;:&quot;top&quot;,&quot;sticky_offset&quot;:141,&quot;sticky_offset_tablet&quot;:210,&quot;sticky_offset_mobile&quot;:71,&quot;sticky_effects_offset&quot;:141,&quot;sticky_effects_offset_tablet&quot;:210,&quot;sticky_effects_offset_mobile&quot;:71,&quot;_ha_eqh_enable&quot;:false,&quot;sticky_on&quot;:[&quot;desktop&quot;,&quot;tablet&quot;,&quot;mobile&quot;],&quot;sticky_anchor_link_offset&quot;:0}\">\n\t\t\t\t\t\t<div class=\"elementor-container elementor-column-gap-default\">\n\t\t\t\t\t<div class=\"elementor-column elementor-col-20 elementor-inner-column elementor-element elementor-element-5198de4f\" data-id=\"5198de4f\" data-element_type=\"column\" data-e-type=\"column\">\n\t\t\t<div class=\"elementor-widget-wrap elementor-element-populated\">\n\t\t\t\t\t\t<div class=\"elementor-element elementor-element-461014eb elementor-align-center elementor-widget elementor-widget-button\" data-id=\"461014eb\" data-element_type=\"widget\" data-e-type=\"widget\" data-widget_type=\"button.default\">\n\t\t\t\t<div class=\"elementor-widget-container\">\n\t\t\t\t\t\t\t\t\t<div class=\"elementor-button-wrapper\">\n\t\t\t\t\t<a class=\"elementor-button elementor-button-link elementor-size-sm elementor-animation-pulse-grow\" href=\"https:\/\/www.bagelcorner.fr\/en\/la-carte\/nos-bagels\/\">\n\t\t\t\t\t\t<span class=\"elementor-button-content-wrapper\">\n\t\t\t\t\t\t\t\t\t<span class=\"elementor-button-text\">Bagels<\/span>\n\t\t\t\t\t<\/span>\n\t\t\t\t\t<\/a>\n\t\t\t\t<\/div>\n\t\t\t\t\t\t\t\t<\/div>\n\t\t\t\t<\/div>\n\t\t\t\t\t<\/div>\n\t\t<\/div>\n\t\t\t\t<div class=\"elementor-column elementor-col-20 elementor-inner-column elementor-element elementor-element-79d4c516\" data-id=\"79d4c516\" data-element_type=\"column\" data-e-type=\"column\">\n\t\t\t<div class=\"elementor-widget-wrap elementor-element-populated\">\n\t\t\t\t\t\t<div class=\"elementor-element elementor-element-6f2df0fa elementor-align-center elementor-widget elementor-widget-button\" data-id=\"6f2df0fa\" data-element_type=\"widget\" data-e-type=\"widget\" data-widget_type=\"button.default\">\n\t\t\t\t<div class=\"elementor-widget-container\">\n\t\t\t\t\t\t\t\t\t<div class=\"elementor-button-wrapper\">\n\t\t\t\t\t<a class=\"elementor-button elementor-button-link elementor-size-sm elementor-animation-pulse-grow\" href=\"https:\/\/www.bagelcorner.fr\/en\/la-carte\/nos-salades\/\">\n\t\t\t\t\t\t<span class=\"elementor-button-content-wrapper\">\n\t\t\t\t\t\t\t\t\t<span class=\"elementor-button-text\">Salads<\/span>\n\t\t\t\t\t<\/span>\n\t\t\t\t\t<\/a>\n\t\t\t\t<\/div>\n\t\t\t\t\t\t\t\t<\/div>\n\t\t\t\t<\/div>\n\t\t\t\t\t<\/div>\n\t\t<\/div>\n\t\t\t\t<div class=\"elementor-column elementor-col-20 elementor-inner-column elementor-element elementor-element-477608c3\" data-id=\"477608c3\" data-element_type=\"column\" data-e-type=\"column\">\n\t\t\t<div class=\"elementor-widget-wrap elementor-element-populated\">\n\t\t\t\t\t\t<div class=\"elementor-element elementor-element-1945a924 elementor-align-center elementor-widget elementor-widget-button\" data-id=\"1945a924\" data-element_type=\"widget\" data-e-type=\"widget\" data-widget_type=\"button.default\">\n\t\t\t\t<div class=\"elementor-widget-container\">\n\t\t\t\t\t\t\t\t\t<div class=\"elementor-button-wrapper\">\n\t\t\t\t\t<a class=\"elementor-button elementor-button-link elementor-size-sm elementor-animation-pulse-grow\" href=\"https:\/\/www.bagelcorner.fr\/en\/la-carte\/nos-sides\/\">\n\t\t\t\t\t\t<span class=\"elementor-button-content-wrapper\">\n\t\t\t\t\t\t\t\t\t<span class=\"elementor-button-text\">sides<\/span>\n\t\t\t\t\t<\/span>\n\t\t\t\t\t<\/a>\n\t\t\t\t<\/div>\n\t\t\t\t\t\t\t\t<\/div>\n\t\t\t\t<\/div>\n\t\t\t\t\t<\/div>\n\t\t<\/div>\n\t\t\t\t<div class=\"elementor-column elementor-col-20 elementor-inner-column elementor-element elementor-element-2c741860\" data-id=\"2c741860\" data-element_type=\"column\" data-e-type=\"column\">\n\t\t\t<div class=\"elementor-widget-wrap elementor-element-populated\">\n\t\t\t\t\t\t<div class=\"elementor-element elementor-element-7c7e2400 elementor-align-center elementor-widget elementor-widget-button\" data-id=\"7c7e2400\" data-element_type=\"widget\" data-e-type=\"widget\" data-widget_type=\"button.default\">\n\t\t\t\t<div class=\"elementor-widget-container\">\n\t\t\t\t\t\t\t\t\t<div class=\"elementor-button-wrapper\">\n\t\t\t\t\t<a class=\"elementor-button elementor-button-link elementor-size-sm elementor-animation-pulse-grow\" href=\"https:\/\/www.bagelcorner.fr\/en\/la-carte\/nos-boissons\/\">\n\t\t\t\t\t\t<span class=\"elementor-button-content-wrapper\">\n\t\t\t\t\t\t\t\t\t<span class=\"elementor-button-text\">drinks<\/span>\n\t\t\t\t\t<\/span>\n\t\t\t\t\t<\/a>\n\t\t\t\t<\/div>\n\t\t\t\t\t\t\t\t<\/div>\n\t\t\t\t<\/div>\n\t\t\t\t\t<\/div>\n\t\t<\/div>\n\t\t\t\t<div class=\"elementor-column elementor-col-20 elementor-inner-column elementor-element elementor-element-4ae98039\" data-id=\"4ae98039\" data-element_type=\"column\" data-e-type=\"column\">\n\t\t\t<div class=\"elementor-widget-wrap elementor-element-populated\">\n\t\t\t\t\t\t<div class=\"elementor-element elementor-element-67d8af08 elementor-align-center elementor-widget elementor-widget-button\" data-id=\"67d8af08\" data-element_type=\"widget\" data-e-type=\"widget\" data-widget_type=\"button.default\">\n\t\t\t\t<div class=\"elementor-widget-container\">\n\t\t\t\t\t\t\t\t\t<div class=\"elementor-button-wrapper\">\n\t\t\t\t\t<a class=\"elementor-button elementor-button-link elementor-size-sm elementor-animation-pulse-grow\" href=\"https:\/\/www.bagelcorner.fr\/en\/la-carte\/nos-desserts\/\">\n\t\t\t\t\t\t<span class=\"elementor-button-content-wrapper\">\n\t\t\t\t\t\t\t\t\t<span class=\"elementor-button-text\">desserts<\/span>\n\t\t\t\t\t<\/span>\n\t\t\t\t\t<\/a>\n\t\t\t\t<\/div>\n\t\t\t\t\t\t\t\t<\/div>\n\t\t\t\t<\/div>\n\t\t\t\t\t<\/div>\n\t\t<\/div>\n\t\t\t\t\t<\/div>\n\t\t<\/section>\n\t\t\t\t<\/div>\n\t\t\t\t<\/div>\n\t\t\t\t\t\t<\/div>\n\t\t\t\t<\/div>\n\t\t\t\t<div class=\"elementor-element elementor-element-a3f4a14 elementor-widget elementor-widget-heading\" data-id=\"a3f4a14\" data-element_type=\"widget\" data-e-type=\"widget\" id=\"titreplats\" data-widget_type=\"heading.default\">\n\t\t\t\t<div class=\"elementor-widget-container\">\n\t\t\t\t\t<h1 class=\"elementor-heading-title elementor-size-default\">Sides<\/h1>\t\t\t\t<\/div>\n\t\t\t\t<\/div>\n\t\t\t\t<div class=\"elementor-element elementor-element-64ed971 elementor-grid-3 elementor-grid-tablet-2 elementor-grid-mobile-1 elementor-widget elementor-widget-portfolio\" data-id=\"64ed971\" data-element_type=\"widget\" data-e-type=\"widget\" data-settings=\"{&quot;row_gap&quot;:{&quot;unit&quot;:&quot;px&quot;,&quot;size&quot;:24,&quot;sizes&quot;:[]},&quot;columns&quot;:&quot;3&quot;,&quot;columns_tablet&quot;:&quot;2&quot;,&quot;columns_mobile&quot;:&quot;1&quot;,&quot;item_ratio&quot;:{&quot;unit&quot;:&quot;px&quot;,&quot;size&quot;:0.66,&quot;sizes&quot;:[]},&quot;item_gap&quot;:{&quot;unit&quot;:&quot;px&quot;,&quot;size&quot;:&quot;&quot;,&quot;sizes&quot;:[]}}\" data-widget_type=\"portfolio.default\">\n\t\t\t\t<div class=\"elementor-widget-container\">\n\t\t\t\t\t\t\t<div class=\"elementor-portfolio elementor-grid elementor-posts-container\" role=\"list\">\n\t\t\t\t<article class=\"elementor-portfolio-item elementor-post  post-11710 post type-post status-publish format-standard has-post-thumbnail hentry category-sides\" role=\"listitem\">\n\t\t\t<a class=\"elementor-post__thumbnail__link\" href=\"https:\/\/www.bagelcorner.fr\/en\/pommes-grenailles\/\">\n\t\t\t\t<div class=\"elementor-portfolio-item__img elementor-post__thumbnail\">\n\t\t\t<img fetchpriority=\"high\" decoding=\"async\" width=\"768\" height=\"491\" src=\"https:\/\/www.bagelcorner.fr\/wp-content\/uploads\/2023\/03\/vignette_pommegrenaille-768x491.jpg\" class=\"attachment-medium_large size-medium_large wp-image-12820\" alt=\"\" srcset=\"https:\/\/www.bagelcorner.fr\/wp-content\/uploads\/2023\/03\/vignette_pommegrenaille-768x491.jpg 768w, https:\/\/www.bagelcorner.fr\/wp-content\/uploads\/2023\/03\/vignette_pommegrenaille-300x192.jpg 300w, https:\/\/www.bagelcorner.fr\/wp-content\/uploads\/2023\/03\/vignette_pommegrenaille-1024x654.jpg 1024w, https:\/\/www.bagelcorner.fr\/wp-content\/uploads\/2023\/03\/vignette_pommegrenaille-1536x981.jpg 1536w, https:\/\/www.bagelcorner.fr\/wp-content\/uploads\/2023\/03\/vignette_pommegrenaille.jpg 1570w\" sizes=\"(max-width: 768px) 100vw, 768px\" \/>\t\t<\/div>\n\t\t\t\t<div class=\"elementor-portfolio-item__overlay\">\n\t\t\t\t<h3 class=\"elementor-portfolio-item__title\">\n\t\tApples for sale\t\t<\/h3>\n\t\t\t\t<\/div>\n\t\t\t\t<\/a>\n\t\t<\/article>\n\t\t\t\t<article class=\"elementor-portfolio-item elementor-post  post-11720 post type-post status-publish format-standard has-post-thumbnail hentry category-sides\" role=\"listitem\">\n\t\t\t<a class=\"elementor-post__thumbnail__link\" href=\"https:\/\/www.bagelcorner.fr\/en\/nachos\/\">\n\t\t\t\t<div class=\"elementor-portfolio-item__img elementor-post__thumbnail\">\n\t\t\t<img decoding=\"async\" width=\"768\" height=\"491\" src=\"https:\/\/www.bagelcorner.fr\/wp-content\/uploads\/2023\/03\/vignette_nachos-768x491.jpg\" class=\"attachment-medium_large size-medium_large wp-image-12819\" alt=\"\" srcset=\"https:\/\/www.bagelcorner.fr\/wp-content\/uploads\/2023\/03\/vignette_nachos-768x491.jpg 768w, https:\/\/www.bagelcorner.fr\/wp-content\/uploads\/2023\/03\/vignette_nachos-300x192.jpg 300w, https:\/\/www.bagelcorner.fr\/wp-content\/uploads\/2023\/03\/vignette_nachos-1024x654.jpg 1024w, https:\/\/www.bagelcorner.fr\/wp-content\/uploads\/2023\/03\/vignette_nachos-1536x981.jpg 1536w, https:\/\/www.bagelcorner.fr\/wp-content\/uploads\/2023\/03\/vignette_nachos.jpg 1570w\" sizes=\"(max-width: 768px) 100vw, 768px\" \/>\t\t<\/div>\n\t\t\t\t<div class=\"elementor-portfolio-item__overlay\">\n\t\t\t\t<h3 class=\"elementor-portfolio-item__title\">\n\t\tNachos\t\t<\/h3>\n\t\t\t\t<\/div>\n\t\t\t\t<\/a>\n\t\t<\/article>\n\t\t\t\t<article class=\"elementor-portfolio-item elementor-post  post-11725 post type-post status-publish format-standard has-post-thumbnail hentry category-sides\" role=\"listitem\">\n\t\t\t<a class=\"elementor-post__thumbnail__link\" href=\"https:\/\/www.bagelcorner.fr\/en\/kroustipops\/\">\n\t\t\t\t<div class=\"elementor-portfolio-item__img elementor-post__thumbnail\">\n\t\t\t<img decoding=\"async\" width=\"768\" height=\"491\" src=\"https:\/\/www.bagelcorner.fr\/wp-content\/uploads\/2023\/03\/vignette_kroustypop-1-768x491.jpg\" class=\"attachment-medium_large size-medium_large wp-image-12818\" alt=\"\" srcset=\"https:\/\/www.bagelcorner.fr\/wp-content\/uploads\/2023\/03\/vignette_kroustypop-1-768x491.jpg 768w, https:\/\/www.bagelcorner.fr\/wp-content\/uploads\/2023\/03\/vignette_kroustypop-1-300x192.jpg 300w, https:\/\/www.bagelcorner.fr\/wp-content\/uploads\/2023\/03\/vignette_kroustypop-1-1024x654.jpg 1024w, https:\/\/www.bagelcorner.fr\/wp-content\/uploads\/2023\/03\/vignette_kroustypop-1-1536x981.jpg 1536w, https:\/\/www.bagelcorner.fr\/wp-content\/uploads\/2023\/03\/vignette_kroustypop-1.jpg 1570w\" sizes=\"(max-width: 768px) 100vw, 768px\" \/>\t\t<\/div>\n\t\t\t\t<div class=\"elementor-portfolio-item__overlay\">\n\t\t\t\t<h3 class=\"elementor-portfolio-item__title\">\n\t\tKroustipop's\t\t<\/h3>\n\t\t\t\t<\/div>\n\t\t\t\t<\/a>\n\t\t<\/article>\n\t\t\t\t<article class=\"elementor-portfolio-item elementor-post  post-19117 post type-post status-publish format-standard has-post-thumbnail hentry category-sides\" role=\"listitem\">\n\t\t\t<a class=\"elementor-post__thumbnail__link\" href=\"https:\/\/www.bagelcorner.fr\/en\/tomates-mozza\/\">\n\t\t\t\t<div class=\"elementor-portfolio-item__img elementor-post__thumbnail\">\n\t\t\t<img loading=\"lazy\" decoding=\"async\" width=\"768\" height=\"512\" src=\"https:\/\/www.bagelcorner.fr\/wp-content\/uploads\/2024\/06\/TOMATESMOZZA_DELIVEROO-768x512.jpg\" class=\"attachment-medium_large size-medium_large wp-image-19118\" alt=\"\" srcset=\"https:\/\/www.bagelcorner.fr\/wp-content\/uploads\/2024\/06\/TOMATESMOZZA_DELIVEROO-768x512.jpg 768w, https:\/\/www.bagelcorner.fr\/wp-content\/uploads\/2024\/06\/TOMATESMOZZA_DELIVEROO-300x200.jpg 300w, https:\/\/www.bagelcorner.fr\/wp-content\/uploads\/2024\/06\/TOMATESMOZZA_DELIVEROO-1024x683.jpg 1024w, https:\/\/www.bagelcorner.fr\/wp-content\/uploads\/2024\/06\/TOMATESMOZZA_DELIVEROO-1536x1024.jpg 1536w, https:\/\/www.bagelcorner.fr\/wp-content\/uploads\/2024\/06\/TOMATESMOZZA_DELIVEROO-2048x1365.jpg 2048w, https:\/\/www.bagelcorner.fr\/wp-content\/uploads\/2024\/06\/TOMATESMOZZA_DELIVEROO-18x12.jpg 18w\" sizes=\"(max-width: 768px) 100vw, 768px\" \/>\t\t<\/div>\n\t\t\t\t<div class=\"elementor-portfolio-item__overlay\">\n\t\t\t\t<h3 class=\"elementor-portfolio-item__title\">\n\t\tTomato and mozzarella\t\t<\/h3>\n\t\t\t\t<\/div>\n\t\t\t\t<\/a>\n\t\t<\/article>\n\t\t\t\t<article class=\"elementor-portfolio-item elementor-post  post-19125 post type-post status-publish format-standard has-post-thumbnail hentry category-sides\" role=\"listitem\">\n\t\t\t<a class=\"elementor-post__thumbnail__link\" href=\"https:\/\/www.bagelcorner.fr\/en\/coleslaw-2\/\">\n\t\t\t\t<div class=\"elementor-portfolio-item__img elementor-post__thumbnail\">\n\t\t\t<img loading=\"lazy\" decoding=\"async\" width=\"768\" height=\"512\" src=\"https:\/\/www.bagelcorner.fr\/wp-content\/uploads\/2024\/06\/COLESLAW_DELIVEROO-768x512.jpg\" class=\"attachment-medium_large size-medium_large wp-image-19119\" alt=\"\" srcset=\"https:\/\/www.bagelcorner.fr\/wp-content\/uploads\/2024\/06\/COLESLAW_DELIVEROO-768x512.jpg 768w, https:\/\/www.bagelcorner.fr\/wp-content\/uploads\/2024\/06\/COLESLAW_DELIVEROO-300x200.jpg 300w, https:\/\/www.bagelcorner.fr\/wp-content\/uploads\/2024\/06\/COLESLAW_DELIVEROO-1024x683.jpg 1024w, https:\/\/www.bagelcorner.fr\/wp-content\/uploads\/2024\/06\/COLESLAW_DELIVEROO-1536x1024.jpg 1536w, https:\/\/www.bagelcorner.fr\/wp-content\/uploads\/2024\/06\/COLESLAW_DELIVEROO-2048x1365.jpg 2048w, https:\/\/www.bagelcorner.fr\/wp-content\/uploads\/2024\/06\/COLESLAW_DELIVEROO-18x12.jpg 18w\" sizes=\"(max-width: 768px) 100vw, 768px\" \/>\t\t<\/div>\n\t\t\t\t<div class=\"elementor-portfolio-item__overlay\">\n\t\t\t\t<h3 class=\"elementor-portfolio-item__title\">\n\t\tColeslaw\t\t<\/h3>\n\t\t\t\t<\/div>\n\t\t\t\t<\/a>\n\t\t<\/article>\n\t\t\t\t<article class=\"elementor-portfolio-item elementor-post  post-19127 post type-post status-publish format-standard has-post-thumbnail hentry category-sides\" role=\"listitem\">\n\t\t\t<a class=\"elementor-post__thumbnail__link\" href=\"https:\/\/www.bagelcorner.fr\/en\/the-real-chips\/\">\n\t\t\t\t<div class=\"elementor-portfolio-item__img elementor-post__thumbnail\">\n\t\t\t<img loading=\"lazy\" decoding=\"async\" width=\"768\" height=\"512\" src=\"https:\/\/www.bagelcorner.fr\/wp-content\/uploads\/2024\/06\/CHIPSPOIVRE_DELIVEROO-768x512.jpg\" class=\"attachment-medium_large size-medium_large wp-image-19120\" alt=\"\" srcset=\"https:\/\/www.bagelcorner.fr\/wp-content\/uploads\/2024\/06\/CHIPSPOIVRE_DELIVEROO-768x512.jpg 768w, https:\/\/www.bagelcorner.fr\/wp-content\/uploads\/2024\/06\/CHIPSPOIVRE_DELIVEROO-300x200.jpg 300w, https:\/\/www.bagelcorner.fr\/wp-content\/uploads\/2024\/06\/CHIPSPOIVRE_DELIVEROO-1024x683.jpg 1024w, https:\/\/www.bagelcorner.fr\/wp-content\/uploads\/2024\/06\/CHIPSPOIVRE_DELIVEROO-1536x1024.jpg 1536w, https:\/\/www.bagelcorner.fr\/wp-content\/uploads\/2024\/06\/CHIPSPOIVRE_DELIVEROO-2048x1365.jpg 2048w, https:\/\/www.bagelcorner.fr\/wp-content\/uploads\/2024\/06\/CHIPSPOIVRE_DELIVEROO-18x12.jpg 18w\" sizes=\"(max-width: 768px) 100vw, 768px\" \/>\t\t<\/div>\n\t\t\t\t<div class=\"elementor-portfolio-item__overlay\">\n\t\t\t\t<h3 class=\"elementor-portfolio-item__title\">\n\t\tThe Real chips\t\t<\/h3>\n\t\t\t\t<\/div>\n\t\t\t\t<\/a>\n\t\t<\/article>\n\t\t\t\t<\/div>\n\t\t\t\t\t\t<\/div>\n\t\t\t\t<\/div>\n\t\t\t\t\t<\/div>\n\t\t<\/div>\n\t\t\t\t\t<\/div>\n\t\t<\/section>\n\t\t\t\t<\/div>","protected":false},"excerpt":{"rendered":"","protected":false},"author":1,"featured_media":0,"parent":6632,"menu_order":0,"comment_status":"closed","ping_status":"closed","template":"","meta":{"footnotes":""},"class_list":["post-11491","page","type-page","status-publish","hentry"],"yoast_head":"<!-- This site is optimized with the Yoast SEO plugin v27.3 - https:\/\/yoast.com\/product\/yoast-seo-wordpress\/ -->\n<title>D\u00e9couvrir la carte - Bagel Corner | Bagels - Donuts - Caf\u00e9<\/title>\n<meta name=\"description\" content=\"Bagels &amp; Salades : D\u00e9couvrez une cuisine savoureuse r\u00e9alis\u00e9e sous vos yeux. Fraicheur garantie !\" \/>\n<meta name=\"robots\" content=\"index, follow, max-snippet:-1, max-image-preview:large, max-video-preview:-1\" \/>\n<link rel=\"canonical\" href=\"https:\/\/www.bagelcorner.fr\/en\/la-carte\/nos-sides\/\" \/>\n<meta property=\"og:locale\" content=\"en_GB\" \/>\n<meta property=\"og:type\" content=\"article\" \/>\n<meta property=\"og:title\" content=\"D\u00e9couvrir la carte - Bagel Corner | Bagels - Donuts - Caf\u00e9\" \/>\n<meta property=\"og:description\" content=\"Bagels &amp; Salades : D\u00e9couvrez une cuisine savoureuse r\u00e9alis\u00e9e sous vos yeux. Fraicheur garantie !\" \/>\n<meta property=\"og:url\" content=\"https:\/\/www.bagelcorner.fr\/en\/la-carte\/nos-sides\/\" \/>\n<meta property=\"og:site_name\" content=\"Bagel Corner | Bagels - Donuts - Caf\u00e9\" \/>\n<meta property=\"article:modified_time\" content=\"2023-03-14T15:35:22+00:00\" \/>\n<meta name=\"twitter:card\" content=\"summary_large_image\" \/>\n<meta name=\"twitter:label1\" content=\"Estimated reading time\" \/>\n\t<meta name=\"twitter:data1\" content=\"3 minutes\" \/>\n<script type=\"application\/ld+json\" class=\"yoast-schema-graph\">{\"@context\":\"https:\\\/\\\/schema.org\",\"@graph\":[{\"@type\":\"WebPage\",\"@id\":\"https:\\\/\\\/www.bagelcorner.fr\\\/la-carte\\\/nos-sides\\\/\",\"url\":\"https:\\\/\\\/www.bagelcorner.fr\\\/la-carte\\\/nos-sides\\\/\",\"name\":\"D\u00e9couvrir la carte - Bagel Corner | Bagels - Donuts - Caf\u00e9\",\"isPartOf\":{\"@id\":\"https:\\\/\\\/www.bagelcorner.fr\\\/#website\"},\"datePublished\":\"2023-03-08T08:27:39+00:00\",\"dateModified\":\"2023-03-14T15:35:22+00:00\",\"description\":\"Bagels & Salades : D\u00e9couvrez une cuisine savoureuse r\u00e9alis\u00e9e sous vos yeux. Fraicheur garantie !\",\"breadcrumb\":{\"@id\":\"https:\\\/\\\/www.bagelcorner.fr\\\/la-carte\\\/nos-sides\\\/#breadcrumb\"},\"inLanguage\":\"en-GB\",\"potentialAction\":[{\"@type\":\"ReadAction\",\"target\":[\"https:\\\/\\\/www.bagelcorner.fr\\\/la-carte\\\/nos-sides\\\/\"]}]},{\"@type\":\"BreadcrumbList\",\"@id\":\"https:\\\/\\\/www.bagelcorner.fr\\\/la-carte\\\/nos-sides\\\/#breadcrumb\",\"itemListElement\":[{\"@type\":\"ListItem\",\"position\":1,\"name\":\"Accueil\",\"item\":\"https:\\\/\\\/www.bagelcorner.fr\\\/\"},{\"@type\":\"ListItem\",\"position\":2,\"name\":\"La carte\",\"item\":\"https:\\\/\\\/www.bagelcorner.fr\\\/la-carte\\\/\"},{\"@type\":\"ListItem\",\"position\":3,\"name\":\"Sides\"}]},{\"@type\":\"WebSite\",\"@id\":\"https:\\\/\\\/www.bagelcorner.fr\\\/#website\",\"url\":\"https:\\\/\\\/www.bagelcorner.fr\\\/\",\"name\":\"Bagel Corner | Bagels - Donuts - Caf\u00e9\",\"description\":\"Nous avons la passion du bagel \u2013 pas (encore) vous ?\",\"publisher\":{\"@id\":\"https:\\\/\\\/www.bagelcorner.fr\\\/#organization\"},\"potentialAction\":[{\"@type\":\"SearchAction\",\"target\":{\"@type\":\"EntryPoint\",\"urlTemplate\":\"https:\\\/\\\/www.bagelcorner.fr\\\/?s={search_term_string}\"},\"query-input\":{\"@type\":\"PropertyValueSpecification\",\"valueRequired\":true,\"valueName\":\"search_term_string\"}}],\"inLanguage\":\"en-GB\"},{\"@type\":\"Organization\",\"@id\":\"https:\\\/\\\/www.bagelcorner.fr\\\/#organization\",\"name\":\"Bagel Corner | Bagels - Donuts - Caf\u00e9\",\"url\":\"https:\\\/\\\/www.bagelcorner.fr\\\/\",\"logo\":{\"@type\":\"ImageObject\",\"inLanguage\":\"en-GB\",\"@id\":\"https:\\\/\\\/www.bagelcorner.fr\\\/#\\\/schema\\\/logo\\\/image\\\/\",\"url\":\"https:\\\/\\\/www.bagelcorner.fr\\\/wp-content\\\/uploads\\\/2023\\\/03\\\/cropped-cropped-LOGO-PASTILLE.png\",\"contentUrl\":\"https:\\\/\\\/www.bagelcorner.fr\\\/wp-content\\\/uploads\\\/2023\\\/03\\\/cropped-cropped-LOGO-PASTILLE.png\",\"width\":511,\"height\":511,\"caption\":\"Bagel Corner | Bagels - Donuts - Caf\u00e9\"},\"image\":{\"@id\":\"https:\\\/\\\/www.bagelcorner.fr\\\/#\\\/schema\\\/logo\\\/image\\\/\"}}]}<\/script>\n<!-- \/ Yoast SEO plugin. -->","yoast_head_json":{"title":"Discover the map - Bagel Corner | Bagels - Donuts - Coffee","description":"Bagels &amp; Salads: Discover a tasty cuisine made right before your eyes. Freshness guaranteed!","robots":{"index":"index","follow":"follow","max-snippet":"max-snippet:-1","max-image-preview":"max-image-preview:large","max-video-preview":"max-video-preview:-1"},"canonical":"https:\/\/www.bagelcorner.fr\/en\/la-carte\/nos-sides\/","og_locale":"en_GB","og_type":"article","og_title":"D\u00e9couvrir la carte - Bagel Corner | Bagels - Donuts - Caf\u00e9","og_description":"Bagels & Salades : D\u00e9couvrez une cuisine savoureuse r\u00e9alis\u00e9e sous vos yeux. Fraicheur garantie !","og_url":"https:\/\/www.bagelcorner.fr\/en\/la-carte\/nos-sides\/","og_site_name":"Bagel Corner | Bagels - Donuts - Caf\u00e9","article_modified_time":"2023-03-14T15:35:22+00:00","twitter_card":"summary_large_image","twitter_misc":{"Estimated reading time":"3 minutes"},"schema":{"@context":"https:\/\/schema.org","@graph":[{"@type":"WebPage","@id":"https:\/\/www.bagelcorner.fr\/la-carte\/nos-sides\/","url":"https:\/\/www.bagelcorner.fr\/la-carte\/nos-sides\/","name":"Discover the map - Bagel Corner | Bagels - Donuts - Coffee","isPartOf":{"@id":"https:\/\/www.bagelcorner.fr\/#website"},"datePublished":"2023-03-08T08:27:39+00:00","dateModified":"2023-03-14T15:35:22+00:00","description":"Bagels &amp; Salads: Discover a tasty cuisine made right before your eyes. Freshness guaranteed!","breadcrumb":{"@id":"https:\/\/www.bagelcorner.fr\/la-carte\/nos-sides\/#breadcrumb"},"inLanguage":"en-GB","potentialAction":[{"@type":"ReadAction","target":["https:\/\/www.bagelcorner.fr\/la-carte\/nos-sides\/"]}]},{"@type":"BreadcrumbList","@id":"https:\/\/www.bagelcorner.fr\/la-carte\/nos-sides\/#breadcrumb","itemListElement":[{"@type":"ListItem","position":1,"name":"Accueil","item":"https:\/\/www.bagelcorner.fr\/"},{"@type":"ListItem","position":2,"name":"La carte","item":"https:\/\/www.bagelcorner.fr\/la-carte\/"},{"@type":"ListItem","position":3,"name":"Sides"}]},{"@type":"WebSite","@id":"https:\/\/www.bagelcorner.fr\/#website","url":"https:\/\/www.bagelcorner.fr\/","name":"Bagel Corner | Bagels - Donuts - Coffee","description":"We have a passion for bagels - don't you (yet)?","publisher":{"@id":"https:\/\/www.bagelcorner.fr\/#organization"},"potentialAction":[{"@type":"SearchAction","target":{"@type":"EntryPoint","urlTemplate":"https:\/\/www.bagelcorner.fr\/?s={search_term_string}"},"query-input":{"@type":"PropertyValueSpecification","valueRequired":true,"valueName":"search_term_string"}}],"inLanguage":"en-GB"},{"@type":"Organization","@id":"https:\/\/www.bagelcorner.fr\/#organization","name":"Bagel Corner | Bagels - Donuts - Coffee","url":"https:\/\/www.bagelcorner.fr\/","logo":{"@type":"ImageObject","inLanguage":"en-GB","@id":"https:\/\/www.bagelcorner.fr\/#\/schema\/logo\/image\/","url":"https:\/\/www.bagelcorner.fr\/wp-content\/uploads\/2023\/03\/cropped-cropped-LOGO-PASTILLE.png","contentUrl":"https:\/\/www.bagelcorner.fr\/wp-content\/uploads\/2023\/03\/cropped-cropped-LOGO-PASTILLE.png","width":511,"height":511,"caption":"Bagel Corner | Bagels - Donuts - Caf\u00e9"},"image":{"@id":"https:\/\/www.bagelcorner.fr\/#\/schema\/logo\/image\/"}}]}},"_links":{"self":[{"href":"https:\/\/www.bagelcorner.fr\/en\/wp-json\/wp\/v2\/pages\/11491","targetHints":{"allow":["GET"]}}],"collection":[{"href":"https:\/\/www.bagelcorner.fr\/en\/wp-json\/wp\/v2\/pages"}],"about":[{"href":"https:\/\/www.bagelcorner.fr\/en\/wp-json\/wp\/v2\/types\/page"}],"author":[{"embeddable":true,"href":"https:\/\/www.bagelcorner.fr\/en\/wp-json\/wp\/v2\/users\/1"}],"replies":[{"embeddable":true,"href":"https:\/\/www.bagelcorner.fr\/en\/wp-json\/wp\/v2\/comments?post=11491"}],"version-history":[{"count":0,"href":"https:\/\/www.bagelcorner.fr\/en\/wp-json\/wp\/v2\/pages\/11491\/revisions"}],"up":[{"embeddable":true,"href":"https:\/\/www.bagelcorner.fr\/en\/wp-json\/wp\/v2\/pages\/6632"}],"wp:attachment":[{"href":"https:\/\/www.bagelcorner.fr\/en\/wp-json\/wp\/v2\/media?parent=11491"}],"curies":[{"name":"wp","href":"https:\/\/api.w.org\/{rel}","templated":true}]}}