{"id":11504,"date":"2023-03-08T08:34:49","date_gmt":"2023-03-08T08:34:49","guid":{"rendered":"https:\/\/www.bagelcorner.fr\/?page_id=11504"},"modified":"2023-03-14T15:27:45","modified_gmt":"2023-03-14T15:27:45","slug":"nos-salades","status":"publish","type":"page","link":"https:\/\/www.bagelcorner.fr\/en\/la-carte\/nos-salades\/","title":{"rendered":"Salads"},"content":{"rendered":"<div data-elementor-type=\"wp-page\" data-elementor-id=\"11504\" class=\"elementor elementor-11504\" data-elementor-settings=\"{&quot;ha_cmc_init_switcher&quot;:&quot;no&quot;}\" data-elementor-post-type=\"page\">\n\t\t\t\t\t\t<section class=\"elementor-section elementor-top-section elementor-element elementor-element-7db0f01 elementor-section-boxed elementor-section-height-default elementor-section-height-default\" data-id=\"7db0f01\" data-element_type=\"section\" data-e-type=\"section\" id=\"SectionPlat\" data-settings=\"{&quot;_ha_eqh_enable&quot;:false}\">\n\t\t\t\t\t\t<div class=\"elementor-container elementor-column-gap-default\">\n\t\t\t\t\t<div class=\"elementor-column elementor-col-100 elementor-top-column elementor-element elementor-element-7976814\" data-id=\"7976814\" data-element_type=\"column\" data-e-type=\"column\">\n\t\t\t<div class=\"elementor-widget-wrap elementor-element-populated\">\n\t\t\t\t\t\t<div class=\"elementor-element elementor-element-f827e07 elementor-widget elementor-widget-template\" data-id=\"f827e07\" data-element_type=\"widget\" data-e-type=\"widget\" data-widget_type=\"template.default\">\n\t\t\t\t<div class=\"elementor-widget-container\">\n\t\t\t\t\t\t\t<div class=\"elementor-template\">\n\t\t\t\t\t<div data-elementor-type=\"section\" data-elementor-id=\"11498\" class=\"elementor elementor-11498\" data-elementor-settings=\"{&quot;ha_cmc_init_switcher&quot;:&quot;no&quot;}\" data-elementor-post-type=\"elementor_library\">\n\t\t\t\t\t<section class=\"elementor-section elementor-inner-section elementor-element elementor-element-6b4d0eab elementor-section-boxed elementor-section-height-default elementor-section-height-default\" data-id=\"6b4d0eab\" data-element_type=\"section\" data-e-type=\"section\" data-settings=\"{&quot;background_background&quot;:&quot;classic&quot;,&quot;sticky&quot;:&quot;top&quot;,&quot;sticky_offset&quot;:141,&quot;sticky_offset_tablet&quot;:210,&quot;sticky_offset_mobile&quot;:71,&quot;sticky_effects_offset&quot;:141,&quot;sticky_effects_offset_tablet&quot;:210,&quot;sticky_effects_offset_mobile&quot;:71,&quot;_ha_eqh_enable&quot;:false,&quot;sticky_on&quot;:[&quot;desktop&quot;,&quot;tablet&quot;,&quot;mobile&quot;],&quot;sticky_anchor_link_offset&quot;:0}\">\n\t\t\t\t\t\t<div class=\"elementor-container elementor-column-gap-default\">\n\t\t\t\t\t<div class=\"elementor-column elementor-col-20 elementor-inner-column elementor-element elementor-element-78ebb866\" data-id=\"78ebb866\" data-element_type=\"column\" data-e-type=\"column\">\n\t\t\t<div class=\"elementor-widget-wrap elementor-element-populated\">\n\t\t\t\t\t\t<div class=\"elementor-element elementor-element-1501d0c3 elementor-align-center elementor-widget elementor-widget-button\" data-id=\"1501d0c3\" data-element_type=\"widget\" data-e-type=\"widget\" data-widget_type=\"button.default\">\n\t\t\t\t<div class=\"elementor-widget-container\">\n\t\t\t\t\t\t\t\t\t<div class=\"elementor-button-wrapper\">\n\t\t\t\t\t<a class=\"elementor-button elementor-button-link elementor-size-sm elementor-animation-pulse-grow\" href=\"https:\/\/www.bagelcorner.fr\/en\/la-carte\/nos-bagels\/\">\n\t\t\t\t\t\t<span class=\"elementor-button-content-wrapper\">\n\t\t\t\t\t\t\t\t\t<span class=\"elementor-button-text\">Bagels<\/span>\n\t\t\t\t\t<\/span>\n\t\t\t\t\t<\/a>\n\t\t\t\t<\/div>\n\t\t\t\t\t\t\t\t<\/div>\n\t\t\t\t<\/div>\n\t\t\t\t\t<\/div>\n\t\t<\/div>\n\t\t\t\t<div class=\"elementor-column elementor-col-20 elementor-inner-column elementor-element elementor-element-52cbc6d7\" data-id=\"52cbc6d7\" data-element_type=\"column\" data-e-type=\"column\">\n\t\t\t<div class=\"elementor-widget-wrap elementor-element-populated\">\n\t\t\t\t\t\t<div class=\"elementor-element elementor-element-43a4ad0b elementor-align-center elementor-widget elementor-widget-button\" data-id=\"43a4ad0b\" data-element_type=\"widget\" data-e-type=\"widget\" data-widget_type=\"button.default\">\n\t\t\t\t<div class=\"elementor-widget-container\">\n\t\t\t\t\t\t\t\t\t<div class=\"elementor-button-wrapper\">\n\t\t\t\t\t<a class=\"elementor-button elementor-button-link elementor-size-sm elementor-animation-pulse-grow\" href=\"https:\/\/www.bagelcorner.fr\/en\/la-carte\/nos-salades\/\">\n\t\t\t\t\t\t<span class=\"elementor-button-content-wrapper\">\n\t\t\t\t\t\t\t\t\t<span class=\"elementor-button-text\">Salads<\/span>\n\t\t\t\t\t<\/span>\n\t\t\t\t\t<\/a>\n\t\t\t\t<\/div>\n\t\t\t\t\t\t\t\t<\/div>\n\t\t\t\t<\/div>\n\t\t\t\t\t<\/div>\n\t\t<\/div>\n\t\t\t\t<div class=\"elementor-column elementor-col-20 elementor-inner-column elementor-element elementor-element-5779fd7b\" data-id=\"5779fd7b\" data-element_type=\"column\" data-e-type=\"column\">\n\t\t\t<div class=\"elementor-widget-wrap elementor-element-populated\">\n\t\t\t\t\t\t<div class=\"elementor-element elementor-element-37a4c88d elementor-align-center elementor-widget elementor-widget-button\" data-id=\"37a4c88d\" data-element_type=\"widget\" data-e-type=\"widget\" data-widget_type=\"button.default\">\n\t\t\t\t<div class=\"elementor-widget-container\">\n\t\t\t\t\t\t\t\t\t<div class=\"elementor-button-wrapper\">\n\t\t\t\t\t<a class=\"elementor-button elementor-button-link elementor-size-sm elementor-animation-pulse-grow\" href=\"https:\/\/www.bagelcorner.fr\/en\/la-carte\/nos-sides\/\">\n\t\t\t\t\t\t<span class=\"elementor-button-content-wrapper\">\n\t\t\t\t\t\t\t\t\t<span class=\"elementor-button-text\">sides<\/span>\n\t\t\t\t\t<\/span>\n\t\t\t\t\t<\/a>\n\t\t\t\t<\/div>\n\t\t\t\t\t\t\t\t<\/div>\n\t\t\t\t<\/div>\n\t\t\t\t\t<\/div>\n\t\t<\/div>\n\t\t\t\t<div class=\"elementor-column elementor-col-20 elementor-inner-column elementor-element elementor-element-604c3fe2\" data-id=\"604c3fe2\" data-element_type=\"column\" data-e-type=\"column\">\n\t\t\t<div class=\"elementor-widget-wrap elementor-element-populated\">\n\t\t\t\t\t\t<div class=\"elementor-element elementor-element-360652a3 elementor-align-center elementor-widget elementor-widget-button\" data-id=\"360652a3\" data-element_type=\"widget\" data-e-type=\"widget\" data-widget_type=\"button.default\">\n\t\t\t\t<div class=\"elementor-widget-container\">\n\t\t\t\t\t\t\t\t\t<div class=\"elementor-button-wrapper\">\n\t\t\t\t\t<a class=\"elementor-button elementor-button-link elementor-size-sm elementor-animation-pulse-grow\" href=\"https:\/\/www.bagelcorner.fr\/en\/la-carte\/nos-boissons\/\">\n\t\t\t\t\t\t<span class=\"elementor-button-content-wrapper\">\n\t\t\t\t\t\t\t\t\t<span class=\"elementor-button-text\">drinks<\/span>\n\t\t\t\t\t<\/span>\n\t\t\t\t\t<\/a>\n\t\t\t\t<\/div>\n\t\t\t\t\t\t\t\t<\/div>\n\t\t\t\t<\/div>\n\t\t\t\t\t<\/div>\n\t\t<\/div>\n\t\t\t\t<div class=\"elementor-column elementor-col-20 elementor-inner-column elementor-element elementor-element-7369b9b8\" data-id=\"7369b9b8\" data-element_type=\"column\" data-e-type=\"column\">\n\t\t\t<div class=\"elementor-widget-wrap elementor-element-populated\">\n\t\t\t\t\t\t<div class=\"elementor-element elementor-element-2b53a1e0 elementor-align-center elementor-widget elementor-widget-button\" data-id=\"2b53a1e0\" data-element_type=\"widget\" data-e-type=\"widget\" data-widget_type=\"button.default\">\n\t\t\t\t<div class=\"elementor-widget-container\">\n\t\t\t\t\t\t\t\t\t<div class=\"elementor-button-wrapper\">\n\t\t\t\t\t<a class=\"elementor-button elementor-button-link elementor-size-sm elementor-animation-pulse-grow\" href=\"https:\/\/www.bagelcorner.fr\/en\/la-carte\/nos-desserts\/\">\n\t\t\t\t\t\t<span class=\"elementor-button-content-wrapper\">\n\t\t\t\t\t\t\t\t\t<span class=\"elementor-button-text\">desserts<\/span>\n\t\t\t\t\t<\/span>\n\t\t\t\t\t<\/a>\n\t\t\t\t<\/div>\n\t\t\t\t\t\t\t\t<\/div>\n\t\t\t\t<\/div>\n\t\t\t\t\t<\/div>\n\t\t<\/div>\n\t\t\t\t\t<\/div>\n\t\t<\/section>\n\t\t\t\t<\/div>\n\t\t\t\t<\/div>\n\t\t\t\t\t\t<\/div>\n\t\t\t\t<\/div>\n\t\t\t\t<div class=\"elementor-element elementor-element-a3f4a14 elementor-widget elementor-widget-heading\" data-id=\"a3f4a14\" data-element_type=\"widget\" data-e-type=\"widget\" id=\"titreplats\" data-widget_type=\"heading.default\">\n\t\t\t\t<div class=\"elementor-widget-container\">\n\t\t\t\t\t<h1 class=\"elementor-heading-title elementor-size-default\">Salads<\/h1>\t\t\t\t<\/div>\n\t\t\t\t<\/div>\n\t\t\t\t<div class=\"elementor-element elementor-element-64ed971 elementor-grid-3 elementor-grid-tablet-2 elementor-grid-mobile-1 elementor-widget elementor-widget-portfolio\" data-id=\"64ed971\" data-element_type=\"widget\" data-e-type=\"widget\" data-settings=\"{&quot;row_gap&quot;:{&quot;unit&quot;:&quot;px&quot;,&quot;size&quot;:24,&quot;sizes&quot;:[]},&quot;columns&quot;:&quot;3&quot;,&quot;columns_tablet&quot;:&quot;2&quot;,&quot;columns_mobile&quot;:&quot;1&quot;,&quot;item_ratio&quot;:{&quot;unit&quot;:&quot;px&quot;,&quot;size&quot;:0.66,&quot;sizes&quot;:[]},&quot;item_gap&quot;:{&quot;unit&quot;:&quot;px&quot;,&quot;size&quot;:&quot;&quot;,&quot;sizes&quot;:[]}}\" data-widget_type=\"portfolio.default\">\n\t\t\t\t<div class=\"elementor-widget-container\">\n\t\t\t\t\t\t\t<div class=\"elementor-portfolio elementor-grid elementor-posts-container\" role=\"list\">\n\t\t\t\t<article class=\"elementor-portfolio-item elementor-post  post-11646 post type-post status-publish format-standard has-post-thumbnail hentry category-salades\" role=\"listitem\">\n\t\t\t<a class=\"elementor-post__thumbnail__link\" href=\"https:\/\/www.bagelcorner.fr\/en\/la-caesar\/\">\n\t\t\t\t<div class=\"elementor-portfolio-item__img elementor-post__thumbnail\">\n\t\t\t<img fetchpriority=\"high\" decoding=\"async\" width=\"768\" height=\"491\" src=\"https:\/\/www.bagelcorner.fr\/wp-content\/uploads\/2023\/03\/vignette_salade_caesar-768x491.jpg\" class=\"attachment-medium_large size-medium_large wp-image-13220\" alt=\"\" srcset=\"https:\/\/www.bagelcorner.fr\/wp-content\/uploads\/2023\/03\/vignette_salade_caesar-768x491.jpg 768w, https:\/\/www.bagelcorner.fr\/wp-content\/uploads\/2023\/03\/vignette_salade_caesar-300x192.jpg 300w, https:\/\/www.bagelcorner.fr\/wp-content\/uploads\/2023\/03\/vignette_salade_caesar-1024x654.jpg 1024w, https:\/\/www.bagelcorner.fr\/wp-content\/uploads\/2023\/03\/vignette_salade_caesar-1536x981.jpg 1536w, https:\/\/www.bagelcorner.fr\/wp-content\/uploads\/2023\/03\/vignette_salade_caesar.jpg 1570w\" sizes=\"(max-width: 768px) 100vw, 768px\" \/>\t\t<\/div>\n\t\t\t\t<div class=\"elementor-portfolio-item__overlay\">\n\t\t\t\t<h3 class=\"elementor-portfolio-item__title\">\n\t\tThe Caesar\t\t<\/h3>\n\t\t\t\t<\/div>\n\t\t\t\t<\/a>\n\t\t<\/article>\n\t\t\t\t<article class=\"elementor-portfolio-item elementor-post  post-11663 post type-post status-publish format-standard has-post-thumbnail hentry category-salades\" role=\"listitem\">\n\t\t\t<a class=\"elementor-post__thumbnail__link\" href=\"https:\/\/www.bagelcorner.fr\/en\/la-new-yorkaise\/\">\n\t\t\t\t<div class=\"elementor-portfolio-item__img elementor-post__thumbnail\">\n\t\t\t<img decoding=\"async\" width=\"768\" height=\"491\" src=\"https:\/\/www.bagelcorner.fr\/wp-content\/uploads\/2023\/03\/vignettes_salade_pastrami-768x491.jpg\" class=\"attachment-medium_large size-medium_large wp-image-12405\" alt=\"\" srcset=\"https:\/\/www.bagelcorner.fr\/wp-content\/uploads\/2023\/03\/vignettes_salade_pastrami-768x491.jpg 768w, https:\/\/www.bagelcorner.fr\/wp-content\/uploads\/2023\/03\/vignettes_salade_pastrami-300x192.jpg 300w, https:\/\/www.bagelcorner.fr\/wp-content\/uploads\/2023\/03\/vignettes_salade_pastrami-1024x654.jpg 1024w, https:\/\/www.bagelcorner.fr\/wp-content\/uploads\/2023\/03\/vignettes_salade_pastrami-1536x981.jpg 1536w, https:\/\/www.bagelcorner.fr\/wp-content\/uploads\/2023\/03\/vignettes_salade_pastrami.jpg 1570w\" sizes=\"(max-width: 768px) 100vw, 768px\" \/>\t\t<\/div>\n\t\t\t\t<div class=\"elementor-portfolio-item__overlay\">\n\t\t\t\t<h3 class=\"elementor-portfolio-item__title\">\n\t\tThe New Yorker\t\t<\/h3>\n\t\t\t\t<\/div>\n\t\t\t\t<\/a>\n\t\t<\/article>\n\t\t\t\t<article class=\"elementor-portfolio-item elementor-post  post-11668 post type-post status-publish format-standard has-post-thumbnail hentry category-salades\" role=\"listitem\">\n\t\t\t<a class=\"elementor-post__thumbnail__link\" href=\"https:\/\/www.bagelcorner.fr\/en\/la-nordique\/\">\n\t\t\t\t<div class=\"elementor-portfolio-item__img elementor-post__thumbnail\">\n\t\t\t<img decoding=\"async\" width=\"768\" height=\"491\" src=\"https:\/\/www.bagelcorner.fr\/wp-content\/uploads\/2023\/03\/vignettes_salade_nordique-768x491.jpg\" class=\"attachment-medium_large size-medium_large wp-image-12407\" alt=\"\" srcset=\"https:\/\/www.bagelcorner.fr\/wp-content\/uploads\/2023\/03\/vignettes_salade_nordique-768x491.jpg 768w, https:\/\/www.bagelcorner.fr\/wp-content\/uploads\/2023\/03\/vignettes_salade_nordique-300x192.jpg 300w, https:\/\/www.bagelcorner.fr\/wp-content\/uploads\/2023\/03\/vignettes_salade_nordique-1024x654.jpg 1024w, https:\/\/www.bagelcorner.fr\/wp-content\/uploads\/2023\/03\/vignettes_salade_nordique-1536x981.jpg 1536w, https:\/\/www.bagelcorner.fr\/wp-content\/uploads\/2023\/03\/vignettes_salade_nordique.jpg 1570w\" sizes=\"(max-width: 768px) 100vw, 768px\" \/>\t\t<\/div>\n\t\t\t\t<div class=\"elementor-portfolio-item__overlay\">\n\t\t\t\t<h3 class=\"elementor-portfolio-item__title\">\n\t\tLa Nordique\t\t<\/h3>\n\t\t\t\t<\/div>\n\t\t\t\t<\/a>\n\t\t<\/article>\n\t\t\t\t<article class=\"elementor-portfolio-item elementor-post  post-11695 post type-post status-publish format-standard has-post-thumbnail hentry category-salades\" role=\"listitem\">\n\t\t\t<a class=\"elementor-post__thumbnail__link\" href=\"https:\/\/www.bagelcorner.fr\/en\/la-chevre-noix\/\">\n\t\t\t\t<div class=\"elementor-portfolio-item__img elementor-post__thumbnail\">\n\t\t\t<img loading=\"lazy\" decoding=\"async\" width=\"768\" height=\"491\" src=\"https:\/\/www.bagelcorner.fr\/wp-content\/uploads\/2023\/03\/vignettes_salade_chevre-768x491.jpg\" class=\"attachment-medium_large size-medium_large wp-image-12411\" alt=\"\" srcset=\"https:\/\/www.bagelcorner.fr\/wp-content\/uploads\/2023\/03\/vignettes_salade_chevre-768x491.jpg 768w, https:\/\/www.bagelcorner.fr\/wp-content\/uploads\/2023\/03\/vignettes_salade_chevre-300x192.jpg 300w, https:\/\/www.bagelcorner.fr\/wp-content\/uploads\/2023\/03\/vignettes_salade_chevre-1024x654.jpg 1024w, https:\/\/www.bagelcorner.fr\/wp-content\/uploads\/2023\/03\/vignettes_salade_chevre-1536x981.jpg 1536w, https:\/\/www.bagelcorner.fr\/wp-content\/uploads\/2023\/03\/vignettes_salade_chevre.jpg 1570w\" sizes=\"(max-width: 768px) 100vw, 768px\" \/>\t\t<\/div>\n\t\t\t\t<div class=\"elementor-portfolio-item__overlay\">\n\t\t\t\t<h3 class=\"elementor-portfolio-item__title\">\n\t\tThe Nutty Goat\t\t<\/h3>\n\t\t\t\t<\/div>\n\t\t\t\t<\/a>\n\t\t<\/article>\n\t\t\t\t<article class=\"elementor-portfolio-item elementor-post  post-11700 post type-post status-publish format-standard has-post-thumbnail hentry category-salades\" role=\"listitem\">\n\t\t\t<a class=\"elementor-post__thumbnail__link\" href=\"https:\/\/www.bagelcorner.fr\/en\/lorientale\/\">\n\t\t\t\t<div class=\"elementor-portfolio-item__img elementor-post__thumbnail\">\n\t\t\t<img loading=\"lazy\" decoding=\"async\" width=\"768\" height=\"491\" src=\"https:\/\/www.bagelcorner.fr\/wp-content\/uploads\/2023\/03\/vignettes_salade_orientale-768x491.jpg\" class=\"attachment-medium_large size-medium_large wp-image-12413\" alt=\"\" srcset=\"https:\/\/www.bagelcorner.fr\/wp-content\/uploads\/2023\/03\/vignettes_salade_orientale-768x491.jpg 768w, https:\/\/www.bagelcorner.fr\/wp-content\/uploads\/2023\/03\/vignettes_salade_orientale-300x192.jpg 300w, https:\/\/www.bagelcorner.fr\/wp-content\/uploads\/2023\/03\/vignettes_salade_orientale-1024x654.jpg 1024w, https:\/\/www.bagelcorner.fr\/wp-content\/uploads\/2023\/03\/vignettes_salade_orientale-1536x981.jpg 1536w, https:\/\/www.bagelcorner.fr\/wp-content\/uploads\/2023\/03\/vignettes_salade_orientale.jpg 1570w\" sizes=\"(max-width: 768px) 100vw, 768px\" \/>\t\t<\/div>\n\t\t\t\t<div class=\"elementor-portfolio-item__overlay\">\n\t\t\t\t<h3 class=\"elementor-portfolio-item__title\">\n\t\tLa Veggie\t\t<\/h3>\n\t\t\t\t<\/div>\n\t\t\t\t<\/a>\n\t\t<\/article>\n\t\t\t\t<article class=\"elementor-portfolio-item elementor-post  post-11705 post type-post status-publish format-standard has-post-thumbnail hentry category-salades\" role=\"listitem\">\n\t\t\t<a class=\"elementor-post__thumbnail__link\" href=\"https:\/\/www.bagelcorner.fr\/en\/la-club\/\">\n\t\t\t\t<div class=\"elementor-portfolio-item__img elementor-post__thumbnail\">\n\t\t\t<img loading=\"lazy\" decoding=\"async\" width=\"768\" height=\"491\" src=\"https:\/\/www.bagelcorner.fr\/wp-content\/uploads\/2023\/03\/vignettes_salade_dinde-768x491.jpg\" class=\"attachment-medium_large size-medium_large wp-image-12415\" alt=\"\" srcset=\"https:\/\/www.bagelcorner.fr\/wp-content\/uploads\/2023\/03\/vignettes_salade_dinde-768x491.jpg 768w, https:\/\/www.bagelcorner.fr\/wp-content\/uploads\/2023\/03\/vignettes_salade_dinde-300x192.jpg 300w, https:\/\/www.bagelcorner.fr\/wp-content\/uploads\/2023\/03\/vignettes_salade_dinde-1024x654.jpg 1024w, https:\/\/www.bagelcorner.fr\/wp-content\/uploads\/2023\/03\/vignettes_salade_dinde-1536x981.jpg 1536w, https:\/\/www.bagelcorner.fr\/wp-content\/uploads\/2023\/03\/vignettes_salade_dinde.jpg 1570w\" sizes=\"(max-width: 768px) 100vw, 768px\" \/>\t\t<\/div>\n\t\t\t\t<div class=\"elementor-portfolio-item__overlay\">\n\t\t\t\t<h3 class=\"elementor-portfolio-item__title\">\n\t\tLa Club\t\t<\/h3>\n\t\t\t\t<\/div>\n\t\t\t\t<\/a>\n\t\t<\/article>\n\t\t\t\t<\/div>\n\t\t\t\t\t\t<\/div>\n\t\t\t\t<\/div>\n\t\t\t\t\t<\/div>\n\t\t<\/div>\n\t\t\t\t\t<\/div>\n\t\t<\/section>\n\t\t\t\t<\/div>","protected":false},"excerpt":{"rendered":"","protected":false},"author":1,"featured_media":0,"parent":6632,"menu_order":0,"comment_status":"closed","ping_status":"closed","template":"","meta":{"footnotes":""},"class_list":["post-11504","page","type-page","status-publish","hentry"],"yoast_head":"<!-- This site is optimized with the Yoast SEO plugin v27.5 - https:\/\/yoast.com\/product\/yoast-seo-wordpress\/ -->\n<title>D\u00e9couvrir la carte - Bagel Corner | Bagels - Donuts - Caf\u00e9<\/title>\n<meta name=\"description\" content=\"Bagels &amp; Salades : D\u00e9couvrez une cuisine savoureuse r\u00e9alis\u00e9e sous vos yeux. Fraicheur garantie !\" \/>\n<meta name=\"robots\" content=\"index, follow, max-snippet:-1, max-image-preview:large, max-video-preview:-1\" \/>\n<link rel=\"canonical\" href=\"https:\/\/www.bagelcorner.fr\/en\/la-carte\/nos-salades\/\" \/>\n<meta property=\"og:locale\" content=\"en_GB\" \/>\n<meta property=\"og:type\" content=\"article\" \/>\n<meta property=\"og:title\" content=\"D\u00e9couvrir la carte - Bagel Corner | Bagels - Donuts - Caf\u00e9\" \/>\n<meta property=\"og:description\" content=\"Bagels &amp; Salades : D\u00e9couvrez une cuisine savoureuse r\u00e9alis\u00e9e sous vos yeux. Fraicheur garantie !\" \/>\n<meta property=\"og:url\" content=\"https:\/\/www.bagelcorner.fr\/en\/la-carte\/nos-salades\/\" \/>\n<meta property=\"og:site_name\" content=\"Bagel Corner | Bagels - Donuts - Caf\u00e9\" \/>\n<meta property=\"article:modified_time\" content=\"2023-03-14T15:27:45+00:00\" \/>\n<meta name=\"twitter:card\" content=\"summary_large_image\" \/>\n<meta name=\"twitter:label1\" content=\"Estimated reading time\" \/>\n\t<meta name=\"twitter:data1\" content=\"4 minutes\" \/>\n<script type=\"application\/ld+json\" class=\"yoast-schema-graph\">{\"@context\":\"https:\\\/\\\/schema.org\",\"@graph\":[{\"@type\":\"WebPage\",\"@id\":\"https:\\\/\\\/www.bagelcorner.fr\\\/la-carte\\\/nos-salades\\\/\",\"url\":\"https:\\\/\\\/www.bagelcorner.fr\\\/la-carte\\\/nos-salades\\\/\",\"name\":\"D\u00e9couvrir la carte - Bagel Corner | Bagels - Donuts - Caf\u00e9\",\"isPartOf\":{\"@id\":\"https:\\\/\\\/www.bagelcorner.fr\\\/#website\"},\"datePublished\":\"2023-03-08T08:34:49+00:00\",\"dateModified\":\"2023-03-14T15:27:45+00:00\",\"description\":\"Bagels & Salades : D\u00e9couvrez une cuisine savoureuse r\u00e9alis\u00e9e sous vos yeux. Fraicheur garantie !\",\"breadcrumb\":{\"@id\":\"https:\\\/\\\/www.bagelcorner.fr\\\/la-carte\\\/nos-salades\\\/#breadcrumb\"},\"inLanguage\":\"en-GB\",\"potentialAction\":[{\"@type\":\"ReadAction\",\"target\":[\"https:\\\/\\\/www.bagelcorner.fr\\\/la-carte\\\/nos-salades\\\/\"]}]},{\"@type\":\"BreadcrumbList\",\"@id\":\"https:\\\/\\\/www.bagelcorner.fr\\\/la-carte\\\/nos-salades\\\/#breadcrumb\",\"itemListElement\":[{\"@type\":\"ListItem\",\"position\":1,\"name\":\"Accueil\",\"item\":\"https:\\\/\\\/www.bagelcorner.fr\\\/\"},{\"@type\":\"ListItem\",\"position\":2,\"name\":\"La carte\",\"item\":\"https:\\\/\\\/www.bagelcorner.fr\\\/la-carte\\\/\"},{\"@type\":\"ListItem\",\"position\":3,\"name\":\"Salades\"}]},{\"@type\":\"WebSite\",\"@id\":\"https:\\\/\\\/www.bagelcorner.fr\\\/#website\",\"url\":\"https:\\\/\\\/www.bagelcorner.fr\\\/\",\"name\":\"Bagel Corner | Bagels - Donuts - Caf\u00e9\",\"description\":\"Nous avons la passion du bagel \u2013 pas (encore) vous ?\",\"publisher\":{\"@id\":\"https:\\\/\\\/www.bagelcorner.fr\\\/#organization\"},\"potentialAction\":[{\"@type\":\"SearchAction\",\"target\":{\"@type\":\"EntryPoint\",\"urlTemplate\":\"https:\\\/\\\/www.bagelcorner.fr\\\/?s={search_term_string}\"},\"query-input\":{\"@type\":\"PropertyValueSpecification\",\"valueRequired\":true,\"valueName\":\"search_term_string\"}}],\"inLanguage\":\"en-GB\"},{\"@type\":\"Organization\",\"@id\":\"https:\\\/\\\/www.bagelcorner.fr\\\/#organization\",\"name\":\"Bagel Corner | Bagels - Donuts - Caf\u00e9\",\"url\":\"https:\\\/\\\/www.bagelcorner.fr\\\/\",\"logo\":{\"@type\":\"ImageObject\",\"inLanguage\":\"en-GB\",\"@id\":\"https:\\\/\\\/www.bagelcorner.fr\\\/#\\\/schema\\\/logo\\\/image\\\/\",\"url\":\"https:\\\/\\\/www.bagelcorner.fr\\\/wp-content\\\/uploads\\\/2023\\\/03\\\/cropped-cropped-LOGO-PASTILLE.png\",\"contentUrl\":\"https:\\\/\\\/www.bagelcorner.fr\\\/wp-content\\\/uploads\\\/2023\\\/03\\\/cropped-cropped-LOGO-PASTILLE.png\",\"width\":511,\"height\":511,\"caption\":\"Bagel Corner | Bagels - Donuts - Caf\u00e9\"},\"image\":{\"@id\":\"https:\\\/\\\/www.bagelcorner.fr\\\/#\\\/schema\\\/logo\\\/image\\\/\"}}]}<\/script>\n<!-- \/ Yoast SEO plugin. -->","yoast_head_json":{"title":"Discover the map - Bagel Corner | Bagels - Donuts - Coffee","description":"Bagels &amp; Salads: Discover a tasty cuisine made right before your eyes. Freshness guaranteed!","robots":{"index":"index","follow":"follow","max-snippet":"max-snippet:-1","max-image-preview":"max-image-preview:large","max-video-preview":"max-video-preview:-1"},"canonical":"https:\/\/www.bagelcorner.fr\/en\/la-carte\/nos-salades\/","og_locale":"en_GB","og_type":"article","og_title":"D\u00e9couvrir la carte - Bagel Corner | Bagels - Donuts - Caf\u00e9","og_description":"Bagels & Salades : D\u00e9couvrez une cuisine savoureuse r\u00e9alis\u00e9e sous vos yeux. Fraicheur garantie !","og_url":"https:\/\/www.bagelcorner.fr\/en\/la-carte\/nos-salades\/","og_site_name":"Bagel Corner | Bagels - Donuts - Caf\u00e9","article_modified_time":"2023-03-14T15:27:45+00:00","twitter_card":"summary_large_image","twitter_misc":{"Estimated reading time":"4 minutes"},"schema":{"@context":"https:\/\/schema.org","@graph":[{"@type":"WebPage","@id":"https:\/\/www.bagelcorner.fr\/la-carte\/nos-salades\/","url":"https:\/\/www.bagelcorner.fr\/la-carte\/nos-salades\/","name":"Discover the map - Bagel Corner | Bagels - Donuts - Coffee","isPartOf":{"@id":"https:\/\/www.bagelcorner.fr\/#website"},"datePublished":"2023-03-08T08:34:49+00:00","dateModified":"2023-03-14T15:27:45+00:00","description":"Bagels &amp; Salads: Discover a tasty cuisine made right before your eyes. Freshness guaranteed!","breadcrumb":{"@id":"https:\/\/www.bagelcorner.fr\/la-carte\/nos-salades\/#breadcrumb"},"inLanguage":"en-GB","potentialAction":[{"@type":"ReadAction","target":["https:\/\/www.bagelcorner.fr\/la-carte\/nos-salades\/"]}]},{"@type":"BreadcrumbList","@id":"https:\/\/www.bagelcorner.fr\/la-carte\/nos-salades\/#breadcrumb","itemListElement":[{"@type":"ListItem","position":1,"name":"Accueil","item":"https:\/\/www.bagelcorner.fr\/"},{"@type":"ListItem","position":2,"name":"La carte","item":"https:\/\/www.bagelcorner.fr\/la-carte\/"},{"@type":"ListItem","position":3,"name":"Salades"}]},{"@type":"WebSite","@id":"https:\/\/www.bagelcorner.fr\/#website","url":"https:\/\/www.bagelcorner.fr\/","name":"Bagel Corner | Bagels - Donuts - Coffee","description":"We have a passion for bagels - don't you (yet)?","publisher":{"@id":"https:\/\/www.bagelcorner.fr\/#organization"},"potentialAction":[{"@type":"SearchAction","target":{"@type":"EntryPoint","urlTemplate":"https:\/\/www.bagelcorner.fr\/?s={search_term_string}"},"query-input":{"@type":"PropertyValueSpecification","valueRequired":true,"valueName":"search_term_string"}}],"inLanguage":"en-GB"},{"@type":"Organization","@id":"https:\/\/www.bagelcorner.fr\/#organization","name":"Bagel Corner | Bagels - Donuts - Coffee","url":"https:\/\/www.bagelcorner.fr\/","logo":{"@type":"ImageObject","inLanguage":"en-GB","@id":"https:\/\/www.bagelcorner.fr\/#\/schema\/logo\/image\/","url":"https:\/\/www.bagelcorner.fr\/wp-content\/uploads\/2023\/03\/cropped-cropped-LOGO-PASTILLE.png","contentUrl":"https:\/\/www.bagelcorner.fr\/wp-content\/uploads\/2023\/03\/cropped-cropped-LOGO-PASTILLE.png","width":511,"height":511,"caption":"Bagel Corner | Bagels - Donuts - Caf\u00e9"},"image":{"@id":"https:\/\/www.bagelcorner.fr\/#\/schema\/logo\/image\/"}}]}},"_links":{"self":[{"href":"https:\/\/www.bagelcorner.fr\/en\/wp-json\/wp\/v2\/pages\/11504","targetHints":{"allow":["GET"]}}],"collection":[{"href":"https:\/\/www.bagelcorner.fr\/en\/wp-json\/wp\/v2\/pages"}],"about":[{"href":"https:\/\/www.bagelcorner.fr\/en\/wp-json\/wp\/v2\/types\/page"}],"author":[{"embeddable":true,"href":"https:\/\/www.bagelcorner.fr\/en\/wp-json\/wp\/v2\/users\/1"}],"replies":[{"embeddable":true,"href":"https:\/\/www.bagelcorner.fr\/en\/wp-json\/wp\/v2\/comments?post=11504"}],"version-history":[{"count":0,"href":"https:\/\/www.bagelcorner.fr\/en\/wp-json\/wp\/v2\/pages\/11504\/revisions"}],"up":[{"embeddable":true,"href":"https:\/\/www.bagelcorner.fr\/en\/wp-json\/wp\/v2\/pages\/6632"}],"wp:attachment":[{"href":"https:\/\/www.bagelcorner.fr\/en\/wp-json\/wp\/v2\/media?parent=11504"}],"curies":[{"name":"wp","href":"https:\/\/api.w.org\/{rel}","templated":true}]}}