{"id":13752,"date":"2023-04-07T10:55:42","date_gmt":"2023-04-07T10:55:42","guid":{"rendered":"https:\/\/www.bagelcorner.fr\/?page_id=13752"},"modified":"2023-06-20T14:45:33","modified_gmt":"2023-06-20T14:45:33","slug":"carte-traiteur","status":"publish","type":"page","link":"https:\/\/www.bagelcorner.fr\/en\/traiteur-bagel\/carte-traiteur\/","title":{"rendered":"Catering menu"},"content":{"rendered":"<div data-elementor-type=\"wp-page\" data-elementor-id=\"13752\" class=\"elementor elementor-13752\" data-elementor-settings=\"{&quot;ha_cmc_init_switcher&quot;:&quot;no&quot;}\" data-elementor-post-type=\"page\">\n\t\t\t\t\t\t<section class=\"elementor-section elementor-top-section elementor-element elementor-element-1ff5949 elementor-section-boxed elementor-section-height-default elementor-section-height-default\" data-id=\"1ff5949\" data-element_type=\"section\" data-e-type=\"section\" data-settings=\"{&quot;_ha_eqh_enable&quot;:false}\">\n\t\t\t\t\t\t<div class=\"elementor-container elementor-column-gap-default\">\n\t\t\t\t\t<div class=\"elementor-column elementor-col-100 elementor-top-column elementor-element elementor-element-0902d26\" data-id=\"0902d26\" data-element_type=\"column\" data-e-type=\"column\">\n\t\t\t<div class=\"elementor-widget-wrap elementor-element-populated\">\n\t\t\t\t\t\t<div class=\"elementor-element elementor-element-3d1df35 elementor-widget elementor-widget-spacer\" data-id=\"3d1df35\" data-element_type=\"widget\" data-e-type=\"widget\" data-widget_type=\"spacer.default\">\n\t\t\t\t<div class=\"elementor-widget-container\">\n\t\t\t\t\t\t\t<div class=\"elementor-spacer\">\n\t\t\t<div class=\"elementor-spacer-inner\"><\/div>\n\t\t<\/div>\n\t\t\t\t\t\t<\/div>\n\t\t\t\t<\/div>\n\t\t\t\t<div class=\"elementor-element elementor-element-a83cb60 elementor-widget elementor-widget-heading\" data-id=\"a83cb60\" data-element_type=\"widget\" data-e-type=\"widget\" data-widget_type=\"heading.default\">\n\t\t\t\t<div class=\"elementor-widget-container\">\n\t\t\t\t\t<h2 class=\"elementor-heading-title elementor-size-default\">our catering menu<\/h2>\t\t\t\t<\/div>\n\t\t\t\t<\/div>\n\t\t\t\t\t<\/div>\n\t\t<\/div>\n\t\t\t\t\t<\/div>\n\t\t<\/section>\n\t\t\t\t<section class=\"elementor-section elementor-top-section elementor-element elementor-element-635ca77 elementor-section-boxed elementor-section-height-default elementor-section-height-default\" data-id=\"635ca77\" data-element_type=\"section\" data-e-type=\"section\" data-settings=\"{&quot;_ha_eqh_enable&quot;:false}\">\n\t\t\t\t\t\t<div class=\"elementor-container elementor-column-gap-default\">\n\t\t\t\t\t<div class=\"elementor-column elementor-col-50 elementor-top-column elementor-element elementor-element-5017bca\" data-id=\"5017bca\" data-element_type=\"column\" data-e-type=\"column\">\n\t\t\t<div class=\"elementor-widget-wrap elementor-element-populated\">\n\t\t\t\t\t\t<div class=\"elementor-element elementor-element-70af091 elementor--h-position-center elementor--v-position-middle elementor-arrows-position-inside elementor-widget elementor-widget-slides\" data-id=\"70af091\" data-element_type=\"widget\" data-e-type=\"widget\" data-settings=\"{&quot;navigation&quot;:&quot;arrows&quot;,&quot;autoplay&quot;:&quot;yes&quot;,&quot;autoplay_speed&quot;:5000,&quot;infinite&quot;:&quot;yes&quot;,&quot;transition&quot;:&quot;slide&quot;,&quot;transition_speed&quot;:500}\" data-widget_type=\"slides.default\">\n\t\t\t\t<div class=\"elementor-widget-container\">\n\t\t\t\t\t\t\t\t\t<div class=\"elementor-swiper\">\n\t\t\t\t\t<div class=\"elementor-slides-wrapper elementor-main-swiper swiper\" role=\"region\" aria-roledescription=\"carousel\" aria-label=\"Slides\" dir=\"ltr\" data-animation=\"fadeInUp\" data-no-translation-aria-label=\"\">\n\t\t\t\t<div class=\"swiper-wrapper elementor-slides\">\n\t\t\t\t\t\t\t\t\t\t<div class=\"elementor-repeater-item-7d318da swiper-slide\" role=\"group\" aria-roledescription=\"slide\"><div class=\"swiper-slide-bg\" role=\"img\" aria-label=\"vignettes_traiteur_bagels\"><\/div><div class=\"swiper-slide-inner\" ><div class=\"swiper-slide-contents\"><\/div><\/div><\/div><div class=\"elementor-repeater-item-0ad3189 swiper-slide\" role=\"group\" aria-roledescription=\"slide\"><div class=\"swiper-slide-bg\" role=\"img\" aria-label=\"vignettes_traiteur_bagels1\"><\/div><div class=\"swiper-slide-inner\" ><div class=\"swiper-slide-contents\"><\/div><\/div><\/div><div class=\"elementor-repeater-item-c6fdc06 swiper-slide\" role=\"group\" aria-roledescription=\"slide\"><div class=\"swiper-slide-bg\" role=\"img\" aria-label=\"vignettes_traiteur_box1\"><\/div><div class=\"swiper-slide-inner\" ><div class=\"swiper-slide-contents\"><\/div><\/div><\/div>\t\t\t\t<\/div>\n\t\t\t\t\t\t\t\t\t\t\t\t\t\t\t<div class=\"elementor-swiper-button elementor-swiper-button-prev\" role=\"button\" tabindex=\"0\" aria-label=\"Previous slide\" data-no-translation-aria-label=\"\">\n\t\t\t\t\t\t\t<i aria-hidden=\"true\" class=\"eicon-chevron-left\"><\/i>\t\t\t\t\t\t<\/div>\n\t\t\t\t\t\t<div class=\"elementor-swiper-button elementor-swiper-button-next\" role=\"button\" tabindex=\"0\" aria-label=\"Next slide\" data-no-translation-aria-label=\"\">\n\t\t\t\t\t\t\t<i aria-hidden=\"true\" class=\"eicon-chevron-right\"><\/i>\t\t\t\t\t\t<\/div>\n\t\t\t\t\t\t\t\t\t\t\t\t\t\t\t\t\t<\/div>\n\t\t\t\t<\/div>\n\t\t\t\t\t\t\t\t<\/div>\n\t\t\t\t<\/div>\n\t\t\t\t\t<\/div>\n\t\t<\/div>\n\t\t\t\t<div class=\"elementor-column elementor-col-50 elementor-top-column elementor-element elementor-element-454f8ff\" data-id=\"454f8ff\" data-element_type=\"column\" data-e-type=\"column\">\n\t\t\t<div class=\"elementor-widget-wrap elementor-element-populated\">\n\t\t\t\t\t\t<div class=\"elementor-element elementor-element-ae37601 elementor-widget elementor-widget-text-editor\" data-id=\"ae37601\" data-element_type=\"widget\" data-e-type=\"widget\" data-widget_type=\"text-editor.default\">\n\t\t\t\t<div class=\"elementor-widget-container\">\n\t\t\t\t\t\t\t\t\t<p>Discover our boxes of 4 and 8 bagels to compose according to your desires among all our bagel recipes. Assorted boxes or themed boxes (pastrami \/ chicken \/ veggie...) anything is possible \ud83d\udd25<\/p><p>Would you like to know the latest recipes? Don't hesitate to comment on your request.<\/p>\t\t\t\t\t\t\t\t<\/div>\n\t\t\t\t<\/div>\n\t\t\t\t\t<\/div>\n\t\t<\/div>\n\t\t\t\t\t<\/div>\n\t\t<\/section>\n\t\t\t\t<section class=\"elementor-section elementor-top-section elementor-element elementor-element-c82e26f elementor-section-boxed elementor-section-height-default elementor-section-height-default\" data-id=\"c82e26f\" data-element_type=\"section\" data-e-type=\"section\" data-settings=\"{&quot;_ha_eqh_enable&quot;:false}\">\n\t\t\t\t\t\t<div class=\"elementor-container elementor-column-gap-default\">\n\t\t\t\t\t<div class=\"elementor-column elementor-col-50 elementor-top-column elementor-element elementor-element-216f6e6\" data-id=\"216f6e6\" data-element_type=\"column\" data-e-type=\"column\">\n\t\t\t<div class=\"elementor-widget-wrap elementor-element-populated\">\n\t\t\t\t\t\t<div class=\"elementor-element elementor-element-cb2e704 elementor--h-position-center elementor--v-position-middle elementor-arrows-position-inside elementor-widget elementor-widget-slides\" data-id=\"cb2e704\" data-element_type=\"widget\" data-e-type=\"widget\" data-settings=\"{&quot;navigation&quot;:&quot;arrows&quot;,&quot;autoplay&quot;:&quot;yes&quot;,&quot;autoplay_speed&quot;:5000,&quot;infinite&quot;:&quot;yes&quot;,&quot;transition&quot;:&quot;slide&quot;,&quot;transition_speed&quot;:500}\" data-widget_type=\"slides.default\">\n\t\t\t\t<div class=\"elementor-widget-container\">\n\t\t\t\t\t\t\t\t\t<div class=\"elementor-swiper\">\n\t\t\t\t\t<div class=\"elementor-slides-wrapper elementor-main-swiper swiper\" role=\"region\" aria-roledescription=\"carousel\" aria-label=\"Slides\" dir=\"ltr\" data-animation=\"fadeInUp\" data-no-translation-aria-label=\"\">\n\t\t\t\t<div class=\"swiper-wrapper elementor-slides\">\n\t\t\t\t\t\t\t\t\t\t<div class=\"elementor-repeater-item-7d318da swiper-slide\" role=\"group\" aria-roledescription=\"slide\"><div class=\"swiper-slide-bg\" role=\"img\" aria-label=\"vignettes_traiteur_desserts\"><\/div><div class=\"swiper-slide-inner\" ><div class=\"swiper-slide-contents\"><\/div><\/div><\/div><div class=\"elementor-repeater-item-0ad3189 swiper-slide\" role=\"group\" aria-roledescription=\"slide\"><div class=\"swiper-slide-bg\" role=\"img\" aria-label=\"vignettes_traiteur_desserts1\"><\/div><div class=\"swiper-slide-inner\" ><div class=\"swiper-slide-contents\"><\/div><\/div><\/div>\t\t\t\t<\/div>\n\t\t\t\t\t\t\t\t\t\t\t\t\t\t\t<div class=\"elementor-swiper-button elementor-swiper-button-prev\" role=\"button\" tabindex=\"0\" aria-label=\"Previous slide\" data-no-translation-aria-label=\"\">\n\t\t\t\t\t\t\t<i aria-hidden=\"true\" class=\"eicon-chevron-left\"><\/i>\t\t\t\t\t\t<\/div>\n\t\t\t\t\t\t<div class=\"elementor-swiper-button elementor-swiper-button-next\" role=\"button\" tabindex=\"0\" aria-label=\"Next slide\" data-no-translation-aria-label=\"\">\n\t\t\t\t\t\t\t<i aria-hidden=\"true\" class=\"eicon-chevron-right\"><\/i>\t\t\t\t\t\t<\/div>\n\t\t\t\t\t\t\t\t\t\t\t\t\t\t\t\t\t<\/div>\n\t\t\t\t<\/div>\n\t\t\t\t\t\t\t\t<\/div>\n\t\t\t\t<\/div>\n\t\t\t\t\t<\/div>\n\t\t<\/div>\n\t\t\t\t<div class=\"elementor-column elementor-col-50 elementor-top-column elementor-element elementor-element-55ec4d7\" data-id=\"55ec4d7\" data-element_type=\"column\" data-e-type=\"column\">\n\t\t\t<div class=\"elementor-widget-wrap elementor-element-populated\">\n\t\t\t\t\t\t<div class=\"elementor-element elementor-element-db51039 elementor-widget elementor-widget-text-editor\" data-id=\"db51039\" data-element_type=\"widget\" data-e-type=\"widget\" data-widget_type=\"text-editor.default\">\n\t\t\t\t<div class=\"elementor-widget-container\">\n\t\t\t\t\t\t\t\t\t<p>Indulge in a moment of indulgence with our selection of dessert boxes.<br \/>Box donuts, mini donuts, muffins, cookies, there's something for everyone \ud83c\udf69<\/p>\t\t\t\t\t\t\t\t<\/div>\n\t\t\t\t<\/div>\n\t\t\t\t\t<\/div>\n\t\t<\/div>\n\t\t\t\t\t<\/div>\n\t\t<\/section>\n\t\t\t\t<section class=\"elementor-section elementor-top-section elementor-element elementor-element-222df31 elementor-section-boxed elementor-section-height-default elementor-section-height-default\" data-id=\"222df31\" data-element_type=\"section\" data-e-type=\"section\" data-settings=\"{&quot;_ha_eqh_enable&quot;:false}\">\n\t\t\t\t\t\t<div class=\"elementor-container elementor-column-gap-default\">\n\t\t\t\t\t<div class=\"elementor-column elementor-col-50 elementor-top-column elementor-element elementor-element-d7e2463\" data-id=\"d7e2463\" data-element_type=\"column\" data-e-type=\"column\">\n\t\t\t<div class=\"elementor-widget-wrap elementor-element-populated\">\n\t\t\t\t\t\t<div class=\"elementor-element elementor-element-9afc956 elementor--h-position-center elementor--v-position-middle elementor-arrows-position-inside elementor-widget elementor-widget-slides\" data-id=\"9afc956\" data-element_type=\"widget\" data-e-type=\"widget\" data-settings=\"{&quot;navigation&quot;:&quot;arrows&quot;,&quot;autoplay&quot;:&quot;yes&quot;,&quot;autoplay_speed&quot;:5000,&quot;infinite&quot;:&quot;yes&quot;,&quot;transition&quot;:&quot;slide&quot;,&quot;transition_speed&quot;:500}\" data-widget_type=\"slides.default\">\n\t\t\t\t<div class=\"elementor-widget-container\">\n\t\t\t\t\t\t\t\t\t<div class=\"elementor-swiper\">\n\t\t\t\t\t<div class=\"elementor-slides-wrapper elementor-main-swiper swiper\" role=\"region\" aria-roledescription=\"carousel\" aria-label=\"Slides\" dir=\"ltr\" data-animation=\"fadeInUp\" data-no-translation-aria-label=\"\">\n\t\t\t\t<div class=\"swiper-wrapper elementor-slides\">\n\t\t\t\t\t\t\t\t\t\t<div class=\"elementor-repeater-item-7d318da swiper-slide\" role=\"group\" aria-roledescription=\"slide\"><div class=\"swiper-slide-bg\" role=\"img\" aria-label=\"vignettes_traiteur_menus\"><\/div><div class=\"swiper-slide-inner\" ><div class=\"swiper-slide-contents\"><\/div><\/div><\/div><div class=\"elementor-repeater-item-0ad3189 swiper-slide\" role=\"group\" aria-roledescription=\"slide\"><div class=\"swiper-slide-bg\" role=\"img\" aria-label=\"vignettes_traiteur_menu1\"><\/div><div class=\"swiper-slide-inner\" ><div class=\"swiper-slide-contents\"><\/div><\/div><\/div>\t\t\t\t<\/div>\n\t\t\t\t\t\t\t\t\t\t\t\t\t\t\t<div class=\"elementor-swiper-button elementor-swiper-button-prev\" role=\"button\" tabindex=\"0\" aria-label=\"Previous slide\" data-no-translation-aria-label=\"\">\n\t\t\t\t\t\t\t<i aria-hidden=\"true\" class=\"eicon-chevron-left\"><\/i>\t\t\t\t\t\t<\/div>\n\t\t\t\t\t\t<div class=\"elementor-swiper-button elementor-swiper-button-next\" role=\"button\" tabindex=\"0\" aria-label=\"Next slide\" data-no-translation-aria-label=\"\">\n\t\t\t\t\t\t\t<i aria-hidden=\"true\" class=\"eicon-chevron-right\"><\/i>\t\t\t\t\t\t<\/div>\n\t\t\t\t\t\t\t\t\t\t\t\t\t\t\t\t\t<\/div>\n\t\t\t\t<\/div>\n\t\t\t\t\t\t\t\t<\/div>\n\t\t\t\t<\/div>\n\t\t\t\t\t<\/div>\n\t\t<\/div>\n\t\t\t\t<div class=\"elementor-column elementor-col-50 elementor-top-column elementor-element elementor-element-a3298b8\" data-id=\"a3298b8\" data-element_type=\"column\" data-e-type=\"column\">\n\t\t\t<div class=\"elementor-widget-wrap elementor-element-populated\">\n\t\t\t\t\t\t<div class=\"elementor-element elementor-element-52adc52 elementor-widget elementor-widget-text-editor\" data-id=\"52adc52\" data-element_type=\"widget\" data-e-type=\"widget\" data-widget_type=\"text-editor.default\">\n\t\t\t\t<div class=\"elementor-widget-container\">\n\t\t\t\t\t\t\t\t\t<p>With our make-your-own menus you can delight all your guests with a precise choice of bagels, salads, side dishes, desserts and drinks \ud83e\udd6f\ud83e\udd64\ud83c\udf6a<\/p>\t\t\t\t\t\t\t\t<\/div>\n\t\t\t\t<\/div>\n\t\t\t\t\t<\/div>\n\t\t<\/div>\n\t\t\t\t\t<\/div>\n\t\t<\/section>\n\t\t\t\t<\/div>","protected":false},"excerpt":{"rendered":"<p>our catering menu Previous slide Next slide Discover our boxes of 4 and 8 bagels to compose according to your desires among all our bagel recipes. Assorted boxes or themed boxes (pastrami \/ chicken \/ veggie...) everything is possible \ud83d\udd25 Would you like to know the current recipes? Feel free to specify in comments [...]<\/p>","protected":false},"author":15,"featured_media":13819,"parent":6994,"menu_order":0,"comment_status":"closed","ping_status":"closed","template":"","meta":{"footnotes":""},"class_list":["post-13752","page","type-page","status-publish","has-post-thumbnail","hentry"],"yoast_head":"<!-- This site is optimized with the Yoast SEO plugin v27.5 - https:\/\/yoast.com\/product\/yoast-seo-wordpress\/ -->\n<title>D\u00e9couvrir la carte - Bagel Corner | Bagels - Donuts - Caf\u00e9<\/title>\n<meta name=\"description\" content=\"Bagels &amp; Salades : D\u00e9couvrez une cuisine savoureuse r\u00e9alis\u00e9e sous vos yeux. Fraicheur garantie !\" \/>\n<meta name=\"robots\" content=\"index, follow, max-snippet:-1, max-image-preview:large, max-video-preview:-1\" \/>\n<link rel=\"canonical\" href=\"https:\/\/www.bagelcorner.fr\/en\/traiteur-bagel\/carte-traiteur\/\" \/>\n<meta property=\"og:locale\" content=\"en_GB\" \/>\n<meta property=\"og:type\" content=\"article\" \/>\n<meta property=\"og:title\" content=\"D\u00e9couvrir la carte - Bagel Corner | Bagels - Donuts - Caf\u00e9\" \/>\n<meta property=\"og:description\" content=\"Bagels &amp; Salades : D\u00e9couvrez une cuisine savoureuse r\u00e9alis\u00e9e sous vos yeux. Fraicheur garantie !\" \/>\n<meta property=\"og:url\" content=\"https:\/\/www.bagelcorner.fr\/en\/traiteur-bagel\/carte-traiteur\/\" \/>\n<meta property=\"og:site_name\" content=\"Bagel Corner | Bagels - Donuts - Caf\u00e9\" \/>\n<meta property=\"article:modified_time\" content=\"2023-06-20T14:45:33+00:00\" \/>\n<meta property=\"og:image\" content=\"https:\/\/www.bagelcorner.fr\/wp-content\/uploads\/2023\/04\/Grande-boite-bagels-face-scaled-e1681217291815.jpg\" \/>\n\t<meta property=\"og:image:width\" content=\"1702\" \/>\n\t<meta property=\"og:image:height\" content=\"1516\" \/>\n\t<meta property=\"og:image:type\" content=\"image\/jpeg\" \/>\n<meta name=\"twitter:card\" content=\"summary_large_image\" \/>\n<meta name=\"twitter:label1\" content=\"Estimated reading time\" \/>\n\t<meta name=\"twitter:data1\" content=\"1 minute\" \/>\n<script type=\"application\/ld+json\" class=\"yoast-schema-graph\">{\"@context\":\"https:\\\/\\\/schema.org\",\"@graph\":[{\"@type\":\"WebPage\",\"@id\":\"https:\\\/\\\/www.bagelcorner.fr\\\/traiteur-bagel\\\/carte-traiteur\\\/\",\"url\":\"https:\\\/\\\/www.bagelcorner.fr\\\/traiteur-bagel\\\/carte-traiteur\\\/\",\"name\":\"D\u00e9couvrir la carte - Bagel Corner | Bagels - Donuts - Caf\u00e9\",\"isPartOf\":{\"@id\":\"https:\\\/\\\/www.bagelcorner.fr\\\/#website\"},\"primaryImageOfPage\":{\"@id\":\"https:\\\/\\\/www.bagelcorner.fr\\\/traiteur-bagel\\\/carte-traiteur\\\/#primaryimage\"},\"image\":{\"@id\":\"https:\\\/\\\/www.bagelcorner.fr\\\/traiteur-bagel\\\/carte-traiteur\\\/#primaryimage\"},\"thumbnailUrl\":\"https:\\\/\\\/www.bagelcorner.fr\\\/wp-content\\\/uploads\\\/2023\\\/04\\\/Grande-boite-bagels-face-scaled-e1681217291815.jpg\",\"datePublished\":\"2023-04-07T10:55:42+00:00\",\"dateModified\":\"2023-06-20T14:45:33+00:00\",\"description\":\"Bagels & Salades : D\u00e9couvrez une cuisine savoureuse r\u00e9alis\u00e9e sous vos yeux. Fraicheur garantie !\",\"breadcrumb\":{\"@id\":\"https:\\\/\\\/www.bagelcorner.fr\\\/traiteur-bagel\\\/carte-traiteur\\\/#breadcrumb\"},\"inLanguage\":\"en-GB\",\"potentialAction\":[{\"@type\":\"ReadAction\",\"target\":[\"https:\\\/\\\/www.bagelcorner.fr\\\/traiteur-bagel\\\/carte-traiteur\\\/\"]}]},{\"@type\":\"ImageObject\",\"inLanguage\":\"en-GB\",\"@id\":\"https:\\\/\\\/www.bagelcorner.fr\\\/traiteur-bagel\\\/carte-traiteur\\\/#primaryimage\",\"url\":\"https:\\\/\\\/www.bagelcorner.fr\\\/wp-content\\\/uploads\\\/2023\\\/04\\\/Grande-boite-bagels-face-scaled-e1681217291815.jpg\",\"contentUrl\":\"https:\\\/\\\/www.bagelcorner.fr\\\/wp-content\\\/uploads\\\/2023\\\/04\\\/Grande-boite-bagels-face-scaled-e1681217291815.jpg\",\"width\":1702,\"height\":1516},{\"@type\":\"BreadcrumbList\",\"@id\":\"https:\\\/\\\/www.bagelcorner.fr\\\/traiteur-bagel\\\/carte-traiteur\\\/#breadcrumb\",\"itemListElement\":[{\"@type\":\"ListItem\",\"position\":1,\"name\":\"Accueil\",\"item\":\"https:\\\/\\\/www.bagelcorner.fr\\\/\"},{\"@type\":\"ListItem\",\"position\":2,\"name\":\"Traiteur\",\"item\":\"https:\\\/\\\/www.bagelcorner.fr\\\/traiteur-bagel\\\/\"},{\"@type\":\"ListItem\",\"position\":3,\"name\":\"Carte traiteur\"}]},{\"@type\":\"WebSite\",\"@id\":\"https:\\\/\\\/www.bagelcorner.fr\\\/#website\",\"url\":\"https:\\\/\\\/www.bagelcorner.fr\\\/\",\"name\":\"Bagel Corner | Bagels - Donuts - Caf\u00e9\",\"description\":\"Nous avons la passion du bagel \u2013 pas (encore) vous ?\",\"publisher\":{\"@id\":\"https:\\\/\\\/www.bagelcorner.fr\\\/#organization\"},\"potentialAction\":[{\"@type\":\"SearchAction\",\"target\":{\"@type\":\"EntryPoint\",\"urlTemplate\":\"https:\\\/\\\/www.bagelcorner.fr\\\/?s={search_term_string}\"},\"query-input\":{\"@type\":\"PropertyValueSpecification\",\"valueRequired\":true,\"valueName\":\"search_term_string\"}}],\"inLanguage\":\"en-GB\"},{\"@type\":\"Organization\",\"@id\":\"https:\\\/\\\/www.bagelcorner.fr\\\/#organization\",\"name\":\"Bagel Corner | Bagels - Donuts - Caf\u00e9\",\"url\":\"https:\\\/\\\/www.bagelcorner.fr\\\/\",\"logo\":{\"@type\":\"ImageObject\",\"inLanguage\":\"en-GB\",\"@id\":\"https:\\\/\\\/www.bagelcorner.fr\\\/#\\\/schema\\\/logo\\\/image\\\/\",\"url\":\"https:\\\/\\\/www.bagelcorner.fr\\\/wp-content\\\/uploads\\\/2023\\\/03\\\/cropped-cropped-LOGO-PASTILLE.png\",\"contentUrl\":\"https:\\\/\\\/www.bagelcorner.fr\\\/wp-content\\\/uploads\\\/2023\\\/03\\\/cropped-cropped-LOGO-PASTILLE.png\",\"width\":511,\"height\":511,\"caption\":\"Bagel Corner | Bagels - Donuts - Caf\u00e9\"},\"image\":{\"@id\":\"https:\\\/\\\/www.bagelcorner.fr\\\/#\\\/schema\\\/logo\\\/image\\\/\"}}]}<\/script>\n<!-- \/ Yoast SEO plugin. -->","yoast_head_json":{"title":"Discover the map - Bagel Corner | Bagels - Donuts - Coffee","description":"Bagels &amp; Salads: Discover a tasty cuisine made right before your eyes. Freshness guaranteed!","robots":{"index":"index","follow":"follow","max-snippet":"max-snippet:-1","max-image-preview":"max-image-preview:large","max-video-preview":"max-video-preview:-1"},"canonical":"https:\/\/www.bagelcorner.fr\/en\/traiteur-bagel\/carte-traiteur\/","og_locale":"en_GB","og_type":"article","og_title":"D\u00e9couvrir la carte - Bagel Corner | Bagels - Donuts - Caf\u00e9","og_description":"Bagels & Salades : D\u00e9couvrez une cuisine savoureuse r\u00e9alis\u00e9e sous vos yeux. Fraicheur garantie !","og_url":"https:\/\/www.bagelcorner.fr\/en\/traiteur-bagel\/carte-traiteur\/","og_site_name":"Bagel Corner | Bagels - Donuts - Caf\u00e9","article_modified_time":"2023-06-20T14:45:33+00:00","og_image":[{"width":1702,"height":1516,"url":"https:\/\/www.bagelcorner.fr\/wp-content\/uploads\/2023\/04\/Grande-boite-bagels-face-scaled-e1681217291815.jpg","type":"image\/jpeg"}],"twitter_card":"summary_large_image","twitter_misc":{"Estimated reading time":"1 minute"},"schema":{"@context":"https:\/\/schema.org","@graph":[{"@type":"WebPage","@id":"https:\/\/www.bagelcorner.fr\/traiteur-bagel\/carte-traiteur\/","url":"https:\/\/www.bagelcorner.fr\/traiteur-bagel\/carte-traiteur\/","name":"Discover the map - Bagel Corner | Bagels - Donuts - Coffee","isPartOf":{"@id":"https:\/\/www.bagelcorner.fr\/#website"},"primaryImageOfPage":{"@id":"https:\/\/www.bagelcorner.fr\/traiteur-bagel\/carte-traiteur\/#primaryimage"},"image":{"@id":"https:\/\/www.bagelcorner.fr\/traiteur-bagel\/carte-traiteur\/#primaryimage"},"thumbnailUrl":"https:\/\/www.bagelcorner.fr\/wp-content\/uploads\/2023\/04\/Grande-boite-bagels-face-scaled-e1681217291815.jpg","datePublished":"2023-04-07T10:55:42+00:00","dateModified":"2023-06-20T14:45:33+00:00","description":"Bagels &amp; Salads: Discover a tasty cuisine made right before your eyes. Freshness guaranteed!","breadcrumb":{"@id":"https:\/\/www.bagelcorner.fr\/traiteur-bagel\/carte-traiteur\/#breadcrumb"},"inLanguage":"en-GB","potentialAction":[{"@type":"ReadAction","target":["https:\/\/www.bagelcorner.fr\/traiteur-bagel\/carte-traiteur\/"]}]},{"@type":"ImageObject","inLanguage":"en-GB","@id":"https:\/\/www.bagelcorner.fr\/traiteur-bagel\/carte-traiteur\/#primaryimage","url":"https:\/\/www.bagelcorner.fr\/wp-content\/uploads\/2023\/04\/Grande-boite-bagels-face-scaled-e1681217291815.jpg","contentUrl":"https:\/\/www.bagelcorner.fr\/wp-content\/uploads\/2023\/04\/Grande-boite-bagels-face-scaled-e1681217291815.jpg","width":1702,"height":1516},{"@type":"BreadcrumbList","@id":"https:\/\/www.bagelcorner.fr\/traiteur-bagel\/carte-traiteur\/#breadcrumb","itemListElement":[{"@type":"ListItem","position":1,"name":"Accueil","item":"https:\/\/www.bagelcorner.fr\/"},{"@type":"ListItem","position":2,"name":"Traiteur","item":"https:\/\/www.bagelcorner.fr\/traiteur-bagel\/"},{"@type":"ListItem","position":3,"name":"Carte traiteur"}]},{"@type":"WebSite","@id":"https:\/\/www.bagelcorner.fr\/#website","url":"https:\/\/www.bagelcorner.fr\/","name":"Bagel Corner | Bagels - Donuts - Coffee","description":"We have a passion for bagels - don't you (yet)?","publisher":{"@id":"https:\/\/www.bagelcorner.fr\/#organization"},"potentialAction":[{"@type":"SearchAction","target":{"@type":"EntryPoint","urlTemplate":"https:\/\/www.bagelcorner.fr\/?s={search_term_string}"},"query-input":{"@type":"PropertyValueSpecification","valueRequired":true,"valueName":"search_term_string"}}],"inLanguage":"en-GB"},{"@type":"Organization","@id":"https:\/\/www.bagelcorner.fr\/#organization","name":"Bagel Corner | Bagels - Donuts - Coffee","url":"https:\/\/www.bagelcorner.fr\/","logo":{"@type":"ImageObject","inLanguage":"en-GB","@id":"https:\/\/www.bagelcorner.fr\/#\/schema\/logo\/image\/","url":"https:\/\/www.bagelcorner.fr\/wp-content\/uploads\/2023\/03\/cropped-cropped-LOGO-PASTILLE.png","contentUrl":"https:\/\/www.bagelcorner.fr\/wp-content\/uploads\/2023\/03\/cropped-cropped-LOGO-PASTILLE.png","width":511,"height":511,"caption":"Bagel Corner | Bagels - Donuts - Caf\u00e9"},"image":{"@id":"https:\/\/www.bagelcorner.fr\/#\/schema\/logo\/image\/"}}]}},"_links":{"self":[{"href":"https:\/\/www.bagelcorner.fr\/en\/wp-json\/wp\/v2\/pages\/13752","targetHints":{"allow":["GET"]}}],"collection":[{"href":"https:\/\/www.bagelcorner.fr\/en\/wp-json\/wp\/v2\/pages"}],"about":[{"href":"https:\/\/www.bagelcorner.fr\/en\/wp-json\/wp\/v2\/types\/page"}],"author":[{"embeddable":true,"href":"https:\/\/www.bagelcorner.fr\/en\/wp-json\/wp\/v2\/users\/15"}],"replies":[{"embeddable":true,"href":"https:\/\/www.bagelcorner.fr\/en\/wp-json\/wp\/v2\/comments?post=13752"}],"version-history":[{"count":0,"href":"https:\/\/www.bagelcorner.fr\/en\/wp-json\/wp\/v2\/pages\/13752\/revisions"}],"up":[{"embeddable":true,"href":"https:\/\/www.bagelcorner.fr\/en\/wp-json\/wp\/v2\/pages\/6994"}],"wp:featuredmedia":[{"embeddable":true,"href":"https:\/\/www.bagelcorner.fr\/en\/wp-json\/wp\/v2\/media\/13819"}],"wp:attachment":[{"href":"https:\/\/www.bagelcorner.fr\/en\/wp-json\/wp\/v2\/media?parent=13752"}],"curies":[{"name":"wp","href":"https:\/\/api.w.org\/{rel}","templated":true}]}}