{"id":6632,"date":"2021-08-02T14:30:40","date_gmt":"2021-08-02T14:30:40","guid":{"rendered":"https:\/\/www.bagelcorner.fr\/?page_id=6632"},"modified":"2025-03-13T14:08:56","modified_gmt":"2025-03-13T14:08:56","slug":"la-carte","status":"publish","type":"page","link":"https:\/\/www.bagelcorner.fr\/en\/la-carte\/","title":{"rendered":"The menu"},"content":{"rendered":"<div data-elementor-type=\"wp-page\" data-elementor-id=\"6632\" class=\"elementor elementor-6632\" data-elementor-settings=\"{&quot;ha_cmc_init_switcher&quot;:&quot;no&quot;}\" data-elementor-post-type=\"page\">\n\t\t\t\t\t\t<section class=\"elementor-section elementor-top-section elementor-element elementor-element-7db0f01 SpadeSectionIntern elementor-section-boxed elementor-section-height-default elementor-section-height-default\" data-id=\"7db0f01\" data-element_type=\"section\" data-e-type=\"section\" data-settings=\"{&quot;_ha_eqh_enable&quot;:false}\">\n\t\t\t\t\t\t<div class=\"elementor-container elementor-column-gap-default\">\n\t\t\t\t\t<div class=\"elementor-column elementor-col-100 elementor-top-column elementor-element elementor-element-7976814\" data-id=\"7976814\" data-element_type=\"column\" data-e-type=\"column\">\n\t\t\t<div class=\"elementor-widget-wrap elementor-element-populated\">\n\t\t\t\t\t\t<div class=\"elementor-element elementor-element-a3f4a14 elementor-widget elementor-widget-heading\" data-id=\"a3f4a14\" data-element_type=\"widget\" data-e-type=\"widget\" data-widget_type=\"heading.default\">\n\t\t\t\t<div class=\"elementor-widget-container\">\n\t\t\t\t\t<h1 class=\"elementor-heading-title elementor-size-default\">MENU<\/h1>\t\t\t\t<\/div>\n\t\t\t\t<\/div>\n\t\t\t\t<div class=\"elementor-element elementor-element-ebe03c6 elementor-widget elementor-widget-spacer\" data-id=\"ebe03c6\" data-element_type=\"widget\" data-e-type=\"widget\" data-widget_type=\"spacer.default\">\n\t\t\t\t<div class=\"elementor-widget-container\">\n\t\t\t\t\t\t\t<div class=\"elementor-spacer\">\n\t\t\t<div class=\"elementor-spacer-inner\"><\/div>\n\t\t<\/div>\n\t\t\t\t\t\t<\/div>\n\t\t\t\t<\/div>\n\t\t\t\t<div class=\"elementor-element elementor-element-331a9af elementor-widget elementor-widget-text-editor\" data-id=\"331a9af\" data-element_type=\"widget\" data-e-type=\"widget\" data-widget_type=\"text-editor.default\">\n\t\t\t\t<div class=\"elementor-widget-container\">\n\t\t\t\t\t\t\t\t\t<p>We offer <b>vegetarian alternatives<\/b> in our savoury recipes <b>and plants<\/b> for our milk drinks.<\/p><p>Find the menu of your favourite restaurant by clicking <a href=\"http:\/\/commander.bagelcorner.fr\" target=\"_blank\" rel=\"noopener\">here<\/a><\/p>\t\t\t\t\t\t\t\t<\/div>\n\t\t\t\t<\/div>\n\t\t\t\t\t<\/div>\n\t\t<\/div>\n\t\t\t\t\t<\/div>\n\t\t<\/section>\n\t\t\t\t<section class=\"elementor-section elementor-top-section elementor-element elementor-element-e0831cb elementor-section-boxed elementor-section-height-default elementor-section-height-default\" data-id=\"e0831cb\" data-element_type=\"section\" data-e-type=\"section\" data-settings=\"{&quot;_ha_eqh_enable&quot;:false}\">\n\t\t\t\t\t\t<div class=\"elementor-container elementor-column-gap-wide\">\n\t\t\t\t\t<div class=\"elementor-column elementor-col-33 elementor-top-column elementor-element elementor-element-0b61eb3\" data-id=\"0b61eb3\" data-element_type=\"column\" data-e-type=\"column\">\n\t\t\t<div class=\"elementor-widget-wrap elementor-element-populated\">\n\t\t\t\t\t\t<div class=\"elementor-element elementor-element-1391092 elementor-widget elementor-widget-image\" data-id=\"1391092\" data-element_type=\"widget\" data-e-type=\"widget\" data-widget_type=\"image.default\">\n\t\t\t\t<div class=\"elementor-widget-container\">\n\t\t\t\t\t\t\t\t\t\t\t\t\t\t\t\t<a href=\"https:\/\/www.bagelcorner.fr\/en\/la-carte\/nos-bagels\/\">\n\t\t\t\t\t\t\t<img fetchpriority=\"high\" decoding=\"async\" width=\"800\" height=\"420\" src=\"https:\/\/www.bagelcorner.fr\/wp-content\/uploads\/2023\/03\/vignettes_bagels_categ-1024x538.jpg\" class=\"elementor-animation-bob attachment-large size-large wp-image-13034\" alt=\"\" srcset=\"https:\/\/www.bagelcorner.fr\/wp-content\/uploads\/2023\/03\/vignettes_bagels_categ-1024x538.jpg 1024w, https:\/\/www.bagelcorner.fr\/wp-content\/uploads\/2023\/03\/vignettes_bagels_categ-300x158.jpg 300w, https:\/\/www.bagelcorner.fr\/wp-content\/uploads\/2023\/03\/vignettes_bagels_categ-768x403.jpg 768w, https:\/\/www.bagelcorner.fr\/wp-content\/uploads\/2023\/03\/vignettes_bagels_categ.jpg 1500w\" sizes=\"(max-width: 800px) 100vw, 800px\" \/>\t\t\t\t\t\t\t\t<\/a>\n\t\t\t\t\t\t\t\t\t\t\t\t\t\t\t<\/div>\n\t\t\t\t<\/div>\n\t\t\t\t\t<\/div>\n\t\t<\/div>\n\t\t\t\t<div class=\"elementor-column elementor-col-33 elementor-top-column elementor-element elementor-element-77e9153\" data-id=\"77e9153\" data-element_type=\"column\" data-e-type=\"column\">\n\t\t\t<div class=\"elementor-widget-wrap elementor-element-populated\">\n\t\t\t\t\t\t<div class=\"elementor-element elementor-element-e6f724d elementor-widget elementor-widget-image\" data-id=\"e6f724d\" data-element_type=\"widget\" data-e-type=\"widget\" data-widget_type=\"image.default\">\n\t\t\t\t<div class=\"elementor-widget-container\">\n\t\t\t\t\t\t\t\t\t\t\t\t\t\t\t\t<a href=\"https:\/\/www.bagelcorner.fr\/en\/la-carte\/nos-salades\/\">\n\t\t\t\t\t\t\t<img decoding=\"async\" width=\"800\" height=\"420\" src=\"https:\/\/www.bagelcorner.fr\/wp-content\/uploads\/2023\/03\/vignettes_salade_categ-1024x538.jpg\" class=\"elementor-animation-bob attachment-large size-large wp-image-13038\" alt=\"\" srcset=\"https:\/\/www.bagelcorner.fr\/wp-content\/uploads\/2023\/03\/vignettes_salade_categ-1024x538.jpg 1024w, https:\/\/www.bagelcorner.fr\/wp-content\/uploads\/2023\/03\/vignettes_salade_categ-300x158.jpg 300w, https:\/\/www.bagelcorner.fr\/wp-content\/uploads\/2023\/03\/vignettes_salade_categ-768x403.jpg 768w, https:\/\/www.bagelcorner.fr\/wp-content\/uploads\/2023\/03\/vignettes_salade_categ.jpg 1500w\" sizes=\"(max-width: 800px) 100vw, 800px\" \/>\t\t\t\t\t\t\t\t<\/a>\n\t\t\t\t\t\t\t\t\t\t\t\t\t\t\t<\/div>\n\t\t\t\t<\/div>\n\t\t\t\t\t<\/div>\n\t\t<\/div>\n\t\t\t\t<div class=\"elementor-column elementor-col-33 elementor-top-column elementor-element elementor-element-55d8265\" data-id=\"55d8265\" data-element_type=\"column\" data-e-type=\"column\">\n\t\t\t<div class=\"elementor-widget-wrap elementor-element-populated\">\n\t\t\t\t\t\t<div class=\"elementor-element elementor-element-6434542 elementor-widget elementor-widget-image\" data-id=\"6434542\" data-element_type=\"widget\" data-e-type=\"widget\" data-widget_type=\"image.default\">\n\t\t\t\t<div class=\"elementor-widget-container\">\n\t\t\t\t\t\t\t\t\t\t\t\t\t\t\t\t<a href=\"https:\/\/www.bagelcorner.fr\/en\/la-carte\/nos-sides\/\">\n\t\t\t\t\t\t\t<img decoding=\"async\" width=\"800\" height=\"420\" src=\"https:\/\/www.bagelcorner.fr\/wp-content\/uploads\/2024\/04\/nachos_vignette_side-1024x538.jpg\" class=\"elementor-animation-bob attachment-large size-large wp-image-18895\" alt=\"\" srcset=\"https:\/\/www.bagelcorner.fr\/wp-content\/uploads\/2024\/04\/nachos_vignette_side-1024x538.jpg 1024w, https:\/\/www.bagelcorner.fr\/wp-content\/uploads\/2024\/04\/nachos_vignette_side-300x158.jpg 300w, https:\/\/www.bagelcorner.fr\/wp-content\/uploads\/2024\/04\/nachos_vignette_side-768x403.jpg 768w, https:\/\/www.bagelcorner.fr\/wp-content\/uploads\/2024\/04\/nachos_vignette_side-1536x807.jpg 1536w, https:\/\/www.bagelcorner.fr\/wp-content\/uploads\/2024\/04\/nachos_vignette_side-2048x1076.jpg 2048w, https:\/\/www.bagelcorner.fr\/wp-content\/uploads\/2024\/04\/nachos_vignette_side-18x9.jpg 18w\" sizes=\"(max-width: 800px) 100vw, 800px\" \/>\t\t\t\t\t\t\t\t<\/a>\n\t\t\t\t\t\t\t\t\t\t\t\t\t\t\t<\/div>\n\t\t\t\t<\/div>\n\t\t\t\t\t<\/div>\n\t\t<\/div>\n\t\t\t\t\t<\/div>\n\t\t<\/section>\n\t\t\t\t<section class=\"elementor-section elementor-top-section elementor-element elementor-element-6d4f5bc elementor-section-boxed elementor-section-height-default elementor-section-height-default\" data-id=\"6d4f5bc\" data-element_type=\"section\" data-e-type=\"section\" data-settings=\"{&quot;_ha_eqh_enable&quot;:false}\">\n\t\t\t\t\t\t<div class=\"elementor-container elementor-column-gap-wide\">\n\t\t\t\t\t<div class=\"elementor-column elementor-col-50 elementor-top-column elementor-element elementor-element-d281029\" data-id=\"d281029\" data-element_type=\"column\" data-e-type=\"column\">\n\t\t\t<div class=\"elementor-widget-wrap elementor-element-populated\">\n\t\t\t\t\t\t<div class=\"elementor-element elementor-element-1753f75 elementor-widget elementor-widget-image\" data-id=\"1753f75\" data-element_type=\"widget\" data-e-type=\"widget\" data-widget_type=\"image.default\">\n\t\t\t\t<div class=\"elementor-widget-container\">\n\t\t\t\t\t\t\t\t\t\t\t\t\t\t\t\t<a href=\"https:\/\/www.bagelcorner.fr\/en\/la-carte\/nos-boissons\/\">\n\t\t\t\t\t\t\t<img loading=\"lazy\" decoding=\"async\" width=\"800\" height=\"420\" src=\"https:\/\/www.bagelcorner.fr\/wp-content\/uploads\/2025\/03\/site_categ_boissons_chaudes-2-1024x538.jpg\" class=\"elementor-animation-bob attachment-large size-large wp-image-20012\" alt=\"\" srcset=\"https:\/\/www.bagelcorner.fr\/wp-content\/uploads\/2025\/03\/site_categ_boissons_chaudes-2-1024x538.jpg 1024w, https:\/\/www.bagelcorner.fr\/wp-content\/uploads\/2025\/03\/site_categ_boissons_chaudes-2-300x158.jpg 300w, https:\/\/www.bagelcorner.fr\/wp-content\/uploads\/2025\/03\/site_categ_boissons_chaudes-2-768x404.jpg 768w, https:\/\/www.bagelcorner.fr\/wp-content\/uploads\/2025\/03\/site_categ_boissons_chaudes-2-1536x807.jpg 1536w, https:\/\/www.bagelcorner.fr\/wp-content\/uploads\/2025\/03\/site_categ_boissons_chaudes-2-2048x1077.jpg 2048w, https:\/\/www.bagelcorner.fr\/wp-content\/uploads\/2025\/03\/site_categ_boissons_chaudes-2-18x9.jpg 18w\" sizes=\"(max-width: 800px) 100vw, 800px\" \/>\t\t\t\t\t\t\t\t<\/a>\n\t\t\t\t\t\t\t\t\t\t\t\t\t\t\t<\/div>\n\t\t\t\t<\/div>\n\t\t\t\t\t<\/div>\n\t\t<\/div>\n\t\t\t\t<div class=\"elementor-column elementor-col-50 elementor-top-column elementor-element elementor-element-baa32e8\" data-id=\"baa32e8\" data-element_type=\"column\" data-e-type=\"column\">\n\t\t\t<div class=\"elementor-widget-wrap elementor-element-populated\">\n\t\t\t\t\t\t<div class=\"elementor-element elementor-element-da6438d elementor-widget elementor-widget-image\" data-id=\"da6438d\" data-element_type=\"widget\" data-e-type=\"widget\" data-widget_type=\"image.default\">\n\t\t\t\t<div class=\"elementor-widget-container\">\n\t\t\t\t\t\t\t\t\t\t\t\t\t\t\t\t<a href=\"https:\/\/www.bagelcorner.fr\/en\/la-carte\/nos-desserts\/\">\n\t\t\t\t\t\t\t<img loading=\"lazy\" decoding=\"async\" width=\"800\" height=\"420\" src=\"https:\/\/www.bagelcorner.fr\/wp-content\/uploads\/2023\/03\/vignette_categorie_dessert-1024x538.jpg\" class=\"elementor-animation-bob attachment-large size-large wp-image-13319\" alt=\"\" srcset=\"https:\/\/www.bagelcorner.fr\/wp-content\/uploads\/2023\/03\/vignette_categorie_dessert-1024x538.jpg 1024w, https:\/\/www.bagelcorner.fr\/wp-content\/uploads\/2023\/03\/vignette_categorie_dessert-300x158.jpg 300w, https:\/\/www.bagelcorner.fr\/wp-content\/uploads\/2023\/03\/vignette_categorie_dessert-768x403.jpg 768w, https:\/\/www.bagelcorner.fr\/wp-content\/uploads\/2023\/03\/vignette_categorie_dessert.jpg 1500w\" sizes=\"(max-width: 800px) 100vw, 800px\" \/>\t\t\t\t\t\t\t\t<\/a>\n\t\t\t\t\t\t\t\t\t\t\t\t\t\t\t<\/div>\n\t\t\t\t<\/div>\n\t\t\t\t\t<\/div>\n\t\t<\/div>\n\t\t\t\t\t<\/div>\n\t\t<\/section>\n\t\t\t\t<\/div>","protected":false},"excerpt":{"rendered":"<p>OUR MAP We offer vegetarian alternatives in our savoury recipes and plant-based alternatives for our dairy drinks. Find the menu of your favourite restaurant by clicking here<\/p>","protected":false},"author":1,"featured_media":0,"parent":0,"menu_order":0,"comment_status":"closed","ping_status":"closed","template":"","meta":{"footnotes":""},"class_list":["post-6632","page","type-page","status-publish","hentry"],"yoast_head":"<!-- This site is optimized with the Yoast SEO plugin v27.4 - https:\/\/yoast.com\/product\/yoast-seo-wordpress\/ -->\n<title>D\u00e9couvrir la carte - Bagel Corner | Bagels - Donuts - Caf\u00e9<\/title>\n<meta name=\"description\" content=\"Bagels &amp; Salades : D\u00e9couvrez une cuisine savoureuse r\u00e9alis\u00e9e sous vos yeux. Fraicheur garantie !\" \/>\n<meta name=\"robots\" content=\"index, follow, max-snippet:-1, max-image-preview:large, max-video-preview:-1\" \/>\n<link rel=\"canonical\" href=\"https:\/\/www.bagelcorner.fr\/en\/la-carte\/\" \/>\n<meta property=\"og:locale\" content=\"en_GB\" \/>\n<meta property=\"og:type\" content=\"article\" \/>\n<meta property=\"og:title\" content=\"D\u00e9couvrir la carte - Bagel Corner | Bagels - Donuts - Caf\u00e9\" \/>\n<meta property=\"og:description\" content=\"Bagels &amp; Salades : D\u00e9couvrez une cuisine savoureuse r\u00e9alis\u00e9e sous vos yeux. Fraicheur garantie !\" \/>\n<meta property=\"og:url\" content=\"https:\/\/www.bagelcorner.fr\/en\/la-carte\/\" \/>\n<meta property=\"og:site_name\" content=\"Bagel Corner | Bagels - Donuts - Caf\u00e9\" \/>\n<meta property=\"article:modified_time\" content=\"2025-03-13T14:08:56+00:00\" \/>\n<meta property=\"og:image\" content=\"https:\/\/www.bagelcorner.fr\/wp-content\/uploads\/2023\/03\/vignettes_bagels_categ.jpg\" \/>\n\t<meta property=\"og:image:width\" content=\"1500\" \/>\n\t<meta property=\"og:image:height\" content=\"788\" \/>\n\t<meta property=\"og:image:type\" content=\"image\/jpeg\" \/>\n<meta name=\"twitter:card\" content=\"summary_large_image\" \/>\n<meta name=\"twitter:label1\" content=\"Estimated reading time\" \/>\n\t<meta name=\"twitter:data1\" content=\"2 minutes\" \/>\n<script type=\"application\/ld+json\" class=\"yoast-schema-graph\">{\"@context\":\"https:\\\/\\\/schema.org\",\"@graph\":[{\"@type\":\"WebPage\",\"@id\":\"https:\\\/\\\/www.bagelcorner.fr\\\/la-carte\\\/\",\"url\":\"https:\\\/\\\/www.bagelcorner.fr\\\/la-carte\\\/\",\"name\":\"D\u00e9couvrir la carte - Bagel Corner | Bagels - Donuts - Caf\u00e9\",\"isPartOf\":{\"@id\":\"https:\\\/\\\/www.bagelcorner.fr\\\/#website\"},\"primaryImageOfPage\":{\"@id\":\"https:\\\/\\\/www.bagelcorner.fr\\\/la-carte\\\/#primaryimage\"},\"image\":{\"@id\":\"https:\\\/\\\/www.bagelcorner.fr\\\/la-carte\\\/#primaryimage\"},\"thumbnailUrl\":\"https:\\\/\\\/www.bagelcorner.fr\\\/wp-content\\\/uploads\\\/2023\\\/03\\\/vignettes_bagels_categ-1024x538.jpg\",\"datePublished\":\"2021-08-02T14:30:40+00:00\",\"dateModified\":\"2025-03-13T14:08:56+00:00\",\"description\":\"Bagels & Salades : D\u00e9couvrez une cuisine savoureuse r\u00e9alis\u00e9e sous vos yeux. Fraicheur garantie !\",\"breadcrumb\":{\"@id\":\"https:\\\/\\\/www.bagelcorner.fr\\\/la-carte\\\/#breadcrumb\"},\"inLanguage\":\"en-GB\",\"potentialAction\":[{\"@type\":\"ReadAction\",\"target\":[\"https:\\\/\\\/www.bagelcorner.fr\\\/la-carte\\\/\"]}]},{\"@type\":\"ImageObject\",\"inLanguage\":\"en-GB\",\"@id\":\"https:\\\/\\\/www.bagelcorner.fr\\\/la-carte\\\/#primaryimage\",\"url\":\"https:\\\/\\\/www.bagelcorner.fr\\\/wp-content\\\/uploads\\\/2023\\\/03\\\/vignettes_bagels_categ-1024x538.jpg\",\"contentUrl\":\"https:\\\/\\\/www.bagelcorner.fr\\\/wp-content\\\/uploads\\\/2023\\\/03\\\/vignettes_bagels_categ-1024x538.jpg\"},{\"@type\":\"BreadcrumbList\",\"@id\":\"https:\\\/\\\/www.bagelcorner.fr\\\/la-carte\\\/#breadcrumb\",\"itemListElement\":[{\"@type\":\"ListItem\",\"position\":1,\"name\":\"Accueil\",\"item\":\"https:\\\/\\\/www.bagelcorner.fr\\\/\"},{\"@type\":\"ListItem\",\"position\":2,\"name\":\"La carte\"}]},{\"@type\":\"WebSite\",\"@id\":\"https:\\\/\\\/www.bagelcorner.fr\\\/#website\",\"url\":\"https:\\\/\\\/www.bagelcorner.fr\\\/\",\"name\":\"Bagel Corner | Bagels - Donuts - Caf\u00e9\",\"description\":\"Nous avons la passion du bagel \u2013 pas (encore) vous ?\",\"publisher\":{\"@id\":\"https:\\\/\\\/www.bagelcorner.fr\\\/#organization\"},\"potentialAction\":[{\"@type\":\"SearchAction\",\"target\":{\"@type\":\"EntryPoint\",\"urlTemplate\":\"https:\\\/\\\/www.bagelcorner.fr\\\/?s={search_term_string}\"},\"query-input\":{\"@type\":\"PropertyValueSpecification\",\"valueRequired\":true,\"valueName\":\"search_term_string\"}}],\"inLanguage\":\"en-GB\"},{\"@type\":\"Organization\",\"@id\":\"https:\\\/\\\/www.bagelcorner.fr\\\/#organization\",\"name\":\"Bagel Corner | Bagels - Donuts - Caf\u00e9\",\"url\":\"https:\\\/\\\/www.bagelcorner.fr\\\/\",\"logo\":{\"@type\":\"ImageObject\",\"inLanguage\":\"en-GB\",\"@id\":\"https:\\\/\\\/www.bagelcorner.fr\\\/#\\\/schema\\\/logo\\\/image\\\/\",\"url\":\"https:\\\/\\\/www.bagelcorner.fr\\\/wp-content\\\/uploads\\\/2023\\\/03\\\/cropped-cropped-LOGO-PASTILLE.png\",\"contentUrl\":\"https:\\\/\\\/www.bagelcorner.fr\\\/wp-content\\\/uploads\\\/2023\\\/03\\\/cropped-cropped-LOGO-PASTILLE.png\",\"width\":511,\"height\":511,\"caption\":\"Bagel Corner | Bagels - Donuts - Caf\u00e9\"},\"image\":{\"@id\":\"https:\\\/\\\/www.bagelcorner.fr\\\/#\\\/schema\\\/logo\\\/image\\\/\"}}]}<\/script>\n<!-- \/ Yoast SEO plugin. -->","yoast_head_json":{"title":"Discover the map - Bagel Corner | Bagels - Donuts - Coffee","description":"Bagels &amp; Salads: Discover a tasty cuisine made right before your eyes. Freshness guaranteed!","robots":{"index":"index","follow":"follow","max-snippet":"max-snippet:-1","max-image-preview":"max-image-preview:large","max-video-preview":"max-video-preview:-1"},"canonical":"https:\/\/www.bagelcorner.fr\/en\/la-carte\/","og_locale":"en_GB","og_type":"article","og_title":"D\u00e9couvrir la carte - Bagel Corner | Bagels - Donuts - Caf\u00e9","og_description":"Bagels & Salades : D\u00e9couvrez une cuisine savoureuse r\u00e9alis\u00e9e sous vos yeux. Fraicheur garantie !","og_url":"https:\/\/www.bagelcorner.fr\/en\/la-carte\/","og_site_name":"Bagel Corner | Bagels - Donuts - Caf\u00e9","article_modified_time":"2025-03-13T14:08:56+00:00","og_image":[{"width":1500,"height":788,"url":"https:\/\/www.bagelcorner.fr\/wp-content\/uploads\/2023\/03\/vignettes_bagels_categ.jpg","type":"image\/jpeg"}],"twitter_card":"summary_large_image","twitter_misc":{"Estimated reading time":"2 minutes"},"schema":{"@context":"https:\/\/schema.org","@graph":[{"@type":"WebPage","@id":"https:\/\/www.bagelcorner.fr\/la-carte\/","url":"https:\/\/www.bagelcorner.fr\/la-carte\/","name":"Discover the map - Bagel Corner | Bagels - Donuts - Coffee","isPartOf":{"@id":"https:\/\/www.bagelcorner.fr\/#website"},"primaryImageOfPage":{"@id":"https:\/\/www.bagelcorner.fr\/la-carte\/#primaryimage"},"image":{"@id":"https:\/\/www.bagelcorner.fr\/la-carte\/#primaryimage"},"thumbnailUrl":"https:\/\/www.bagelcorner.fr\/wp-content\/uploads\/2023\/03\/vignettes_bagels_categ-1024x538.jpg","datePublished":"2021-08-02T14:30:40+00:00","dateModified":"2025-03-13T14:08:56+00:00","description":"Bagels &amp; Salads: Discover a tasty cuisine made right before your eyes. Freshness guaranteed!","breadcrumb":{"@id":"https:\/\/www.bagelcorner.fr\/la-carte\/#breadcrumb"},"inLanguage":"en-GB","potentialAction":[{"@type":"ReadAction","target":["https:\/\/www.bagelcorner.fr\/la-carte\/"]}]},{"@type":"ImageObject","inLanguage":"en-GB","@id":"https:\/\/www.bagelcorner.fr\/la-carte\/#primaryimage","url":"https:\/\/www.bagelcorner.fr\/wp-content\/uploads\/2023\/03\/vignettes_bagels_categ-1024x538.jpg","contentUrl":"https:\/\/www.bagelcorner.fr\/wp-content\/uploads\/2023\/03\/vignettes_bagels_categ-1024x538.jpg"},{"@type":"BreadcrumbList","@id":"https:\/\/www.bagelcorner.fr\/la-carte\/#breadcrumb","itemListElement":[{"@type":"ListItem","position":1,"name":"Accueil","item":"https:\/\/www.bagelcorner.fr\/"},{"@type":"ListItem","position":2,"name":"La carte"}]},{"@type":"WebSite","@id":"https:\/\/www.bagelcorner.fr\/#website","url":"https:\/\/www.bagelcorner.fr\/","name":"Bagel Corner | Bagels - Donuts - Coffee","description":"We have a passion for bagels - don't you (yet)?","publisher":{"@id":"https:\/\/www.bagelcorner.fr\/#organization"},"potentialAction":[{"@type":"SearchAction","target":{"@type":"EntryPoint","urlTemplate":"https:\/\/www.bagelcorner.fr\/?s={search_term_string}"},"query-input":{"@type":"PropertyValueSpecification","valueRequired":true,"valueName":"search_term_string"}}],"inLanguage":"en-GB"},{"@type":"Organization","@id":"https:\/\/www.bagelcorner.fr\/#organization","name":"Bagel Corner | Bagels - Donuts - Coffee","url":"https:\/\/www.bagelcorner.fr\/","logo":{"@type":"ImageObject","inLanguage":"en-GB","@id":"https:\/\/www.bagelcorner.fr\/#\/schema\/logo\/image\/","url":"https:\/\/www.bagelcorner.fr\/wp-content\/uploads\/2023\/03\/cropped-cropped-LOGO-PASTILLE.png","contentUrl":"https:\/\/www.bagelcorner.fr\/wp-content\/uploads\/2023\/03\/cropped-cropped-LOGO-PASTILLE.png","width":511,"height":511,"caption":"Bagel Corner | Bagels - Donuts - Caf\u00e9"},"image":{"@id":"https:\/\/www.bagelcorner.fr\/#\/schema\/logo\/image\/"}}]}},"_links":{"self":[{"href":"https:\/\/www.bagelcorner.fr\/en\/wp-json\/wp\/v2\/pages\/6632","targetHints":{"allow":["GET"]}}],"collection":[{"href":"https:\/\/www.bagelcorner.fr\/en\/wp-json\/wp\/v2\/pages"}],"about":[{"href":"https:\/\/www.bagelcorner.fr\/en\/wp-json\/wp\/v2\/types\/page"}],"author":[{"embeddable":true,"href":"https:\/\/www.bagelcorner.fr\/en\/wp-json\/wp\/v2\/users\/1"}],"replies":[{"embeddable":true,"href":"https:\/\/www.bagelcorner.fr\/en\/wp-json\/wp\/v2\/comments?post=6632"}],"version-history":[{"count":0,"href":"https:\/\/www.bagelcorner.fr\/en\/wp-json\/wp\/v2\/pages\/6632\/revisions"}],"wp:attachment":[{"href":"https:\/\/www.bagelcorner.fr\/en\/wp-json\/wp\/v2\/media?parent=6632"}],"curies":[{"name":"wp","href":"https:\/\/api.w.org\/{rel}","templated":true}]}}